{"id":8651,"date":"2020-08-28T10:31:19","date_gmt":"2021-10-29T15:48:48","guid":{"rendered":"http:\/\/www.3dmaquinser.com\/?post_type=product&#038;p=8651"},"modified":"2021-10-29T15:48:49","modified_gmt":"2021-10-29T15:48:49","slug":"materialise-control-platform","status":"publish","type":"product","link":"https:\/\/www.3dmaquinser.com\/en\/productos\/materialise-control-platform\/","title":{"rendered":"Materialise Control Platform"},"content":{"rendered":"","protected":false},"excerpt":{"rendered":"<p><strong>Control y Manejo de M\u00e1quina<\/strong> \u2022 Monitorizaci\u00f3n de proceso FA \u2022 Operaciones de inspecci\u00f3n de algoritmos y registro de datos en tiempo real \u2022 Extracci\u00f3n de datos con protocolos est\u00e1ndar \u2022 Aplicaciones R&amp;D utilizando programaci\u00f3n Lua<\/p>\n","protected":false},"featured_media":6594,"comment_status":"closed","ping_status":"closed","template":"","meta":[],"pwb-brand":[64],"product_brand":[],"product_cat":[410,409],"product_tag":[],"class_list":{"0":"post-8651","1":"product","2":"type-product","3":"status-publish","4":"has-post-thumbnail","6":"pwb-brand-materialise","7":"product_cat-communication","8":"product_cat-software-en","9":"entry","10":"has-media","12":"first","13":"instock","14":"shipping-taxable","15":"product-type-simple","16":"col","17":"wpex-woo-entry","18":"span_1_of_2"},"yoast_head":"<!-- This site is optimized with the Yoast SEO plugin v25.2 - https:\/\/yoast.com\/wordpress\/plugins\/seo\/ -->\n<title>Materialise Control Platform - Impresi\u00f3n 3D Maquinser<\/title>\n<meta name=\"robots\" content=\"index, follow, max-snippet:-1, max-image-preview:large, max-video-preview:-1\" \/>\n<link rel=\"canonical\" href=\"https:\/\/www.3dmaquinser.com\/en\/productos\/materialise-control-platform\/\" \/>\n<meta property=\"og:locale\" content=\"en_US\" \/>\n<meta property=\"og:type\" content=\"article\" \/>\n<meta property=\"og:title\" content=\"Materialise Control Platform - Impresi\u00f3n 3D Maquinser\" \/>\n<meta property=\"og:description\" content=\"Control y Manejo de M\u00e1quina \u2022 Monitorizaci\u00f3n de proceso FA \u2022 Operaciones de inspecci\u00f3n de algoritmos y registro de datos en tiempo real \u2022 Extracci\u00f3n de datos con protocolos est\u00e1ndar \u2022 Aplicaciones R&amp;D utilizando programaci\u00f3n Lua\" \/>\n<meta property=\"og:url\" content=\"https:\/\/www.3dmaquinser.com\/en\/productos\/materialise-control-platform\/\" \/>\n<meta property=\"og:site_name\" content=\"Impresi\u00f3n 3D Maquinser\" \/>\n<meta property=\"article:modified_time\" content=\"2021-10-29T15:48:49+00:00\" \/>\n<meta property=\"og:image\" content=\"https:\/\/www.3dmaquinser.com\/wp-content\/uploads\/2020\/08\/Materialise_platform.jpg\" \/>\n\t<meta property=\"og:image:width\" content=\"2045\" \/>\n\t<meta property=\"og:image:height\" content=\"1263\" \/>\n\t<meta property=\"og:image:type\" content=\"image\/jpeg\" \/>\n<meta name=\"twitter:card\" content=\"summary_large_image\" \/>\n<script type=\"application\/ld+json\" class=\"yoast-schema-graph\">{\"@context\":\"https:\/\/schema.org\",\"@graph\":[{\"@type\":\"WebPage\",\"@id\":\"https:\/\/www.3dmaquinser.com\/en\/productos\/materialise-control-platform\/\",\"url\":\"https:\/\/www.3dmaquinser.com\/en\/productos\/materialise-control-platform\/\",\"name\":\"Materialise Control Platform - Impresi\u00f3n 3D Maquinser\",\"isPartOf\":{\"@id\":\"http:\/\/www.3dmaquinser.com\/en\/#website\"},\"primaryImageOfPage\":{\"@id\":\"https:\/\/www.3dmaquinser.com\/en\/productos\/materialise-control-platform\/#primaryimage\"},\"image\":{\"@id\":\"https:\/\/www.3dmaquinser.com\/en\/productos\/materialise-control-platform\/#primaryimage\"},\"thumbnailUrl\":\"https:\/\/www.3dmaquinser.com\/wp-content\/uploads\/2020\/08\/Materialise_platform.jpg\",\"datePublished\":\"2021-10-29T15:48:48+00:00\",\"dateModified\":\"2021-10-29T15:48:49+00:00\",\"breadcrumb\":{\"@id\":\"https:\/\/www.3dmaquinser.com\/en\/productos\/materialise-control-platform\/#breadcrumb\"},\"inLanguage\":\"en-US\",\"potentialAction\":[{\"@type\":\"ReadAction\",\"target\":[\"https:\/\/www.3dmaquinser.com\/en\/productos\/materialise-control-platform\/\"]}]},{\"@type\":\"ImageObject\",\"inLanguage\":\"en-US\",\"@id\":\"https:\/\/www.3dmaquinser.com\/en\/productos\/materialise-control-platform\/#primaryimage\",\"url\":\"https:\/\/www.3dmaquinser.com\/wp-content\/uploads\/2020\/08\/Materialise_platform.jpg\",\"contentUrl\":\"https:\/\/www.3dmaquinser.com\/wp-content\/uploads\/2020\/08\/Materialise_platform.jpg\",\"width\":2045,\"height\":1263},{\"@type\":\"BreadcrumbList\",\"@id\":\"https:\/\/www.3dmaquinser.com\/en\/productos\/materialise-control-platform\/#breadcrumb\",\"itemListElement\":[{\"@type\":\"ListItem\",\"position\":1,\"name\":\"Portada\",\"item\":\"http:\/\/www.3dmaquinser.com\/en\/\"},{\"@type\":\"ListItem\",\"position\":2,\"name\":\"Tienda\",\"item\":\"http:\/\/www.3dmaquinser.com\/tienda\/\"},{\"@type\":\"ListItem\",\"position\":3,\"name\":\"Materialise Control Platform\"}]},{\"@type\":\"WebSite\",\"@id\":\"http:\/\/www.3dmaquinser.com\/en\/#website\",\"url\":\"http:\/\/www.3dmaquinser.com\/en\/\",\"name\":\"Impresi\u00f3n 3D Maquinser\",\"description\":\"Especialistas en Impresi\u00f3n 3D y procesos de Fabricaci\u00f3n aditiva\",\"publisher\":{\"@id\":\"http:\/\/www.3dmaquinser.com\/en\/#organization\"},\"potentialAction\":[{\"@type\":\"SearchAction\",\"target\":{\"@type\":\"EntryPoint\",\"urlTemplate\":\"http:\/\/www.3dmaquinser.com\/en\/?s={search_term_string}\"},\"query-input\":{\"@type\":\"PropertyValueSpecification\",\"valueRequired\":true,\"valueName\":\"search_term_string\"}}],\"inLanguage\":\"en-US\"},{\"@type\":\"Organization\",\"@id\":\"http:\/\/www.3dmaquinser.com\/en\/#organization\",\"name\":\"Impresi\u00f3n 3D Maquinser\",\"url\":\"http:\/\/www.3dmaquinser.com\/en\/\",\"logo\":{\"@type\":\"ImageObject\",\"inLanguage\":\"en-US\",\"@id\":\"http:\/\/www.3dmaquinser.com\/en\/#\/schema\/logo\/image\/\",\"url\":\"https:\/\/www.3dmaquinser.com\/wp-content\/uploads\/2020\/04\/LOGO-3D-Maquinser.png\",\"contentUrl\":\"https:\/\/www.3dmaquinser.com\/wp-content\/uploads\/2020\/04\/LOGO-3D-Maquinser.png\",\"width\":563,\"height\":110,\"caption\":\"Impresi\u00f3n 3D Maquinser\"},\"image\":{\"@id\":\"http:\/\/www.3dmaquinser.com\/en\/#\/schema\/logo\/image\/\"}}]}<\/script>\n<!-- \/ Yoast SEO plugin. -->","yoast_head_json":{"title":"Materialise Control Platform - Impresi\u00f3n 3D Maquinser","robots":{"index":"index","follow":"follow","max-snippet":"max-snippet:-1","max-image-preview":"max-image-preview:large","max-video-preview":"max-video-preview:-1"},"canonical":"https:\/\/www.3dmaquinser.com\/en\/productos\/materialise-control-platform\/","og_locale":"en_US","og_type":"article","og_title":"Materialise Control Platform - Impresi\u00f3n 3D Maquinser","og_description":"Control y Manejo de M\u00e1quina \u2022 Monitorizaci\u00f3n de proceso FA \u2022 Operaciones de inspecci\u00f3n de algoritmos y registro de datos en tiempo real \u2022 Extracci\u00f3n de datos con protocolos est\u00e1ndar \u2022 Aplicaciones R&amp;D utilizando programaci\u00f3n Lua","og_url":"https:\/\/www.3dmaquinser.com\/en\/productos\/materialise-control-platform\/","og_site_name":"Impresi\u00f3n 3D Maquinser","article_modified_time":"2021-10-29T15:48:49+00:00","og_image":[{"width":2045,"height":1263,"url":"https:\/\/www.3dmaquinser.com\/wp-content\/uploads\/2020\/08\/Materialise_platform.jpg","type":"image\/jpeg"}],"twitter_card":"summary_large_image","schema":{"@context":"https:\/\/schema.org","@graph":[{"@type":"WebPage","@id":"https:\/\/www.3dmaquinser.com\/en\/productos\/materialise-control-platform\/","url":"https:\/\/www.3dmaquinser.com\/en\/productos\/materialise-control-platform\/","name":"Materialise Control Platform - Impresi\u00f3n 3D Maquinser","isPartOf":{"@id":"http:\/\/www.3dmaquinser.com\/en\/#website"},"primaryImageOfPage":{"@id":"https:\/\/www.3dmaquinser.com\/en\/productos\/materialise-control-platform\/#primaryimage"},"image":{"@id":"https:\/\/www.3dmaquinser.com\/en\/productos\/materialise-control-platform\/#primaryimage"},"thumbnailUrl":"https:\/\/www.3dmaquinser.com\/wp-content\/uploads\/2020\/08\/Materialise_platform.jpg","datePublished":"2021-10-29T15:48:48+00:00","dateModified":"2021-10-29T15:48:49+00:00","breadcrumb":{"@id":"https:\/\/www.3dmaquinser.com\/en\/productos\/materialise-control-platform\/#breadcrumb"},"inLanguage":"en-US","potentialAction":[{"@type":"ReadAction","target":["https:\/\/www.3dmaquinser.com\/en\/productos\/materialise-control-platform\/"]}]},{"@type":"ImageObject","inLanguage":"en-US","@id":"https:\/\/www.3dmaquinser.com\/en\/productos\/materialise-control-platform\/#primaryimage","url":"https:\/\/www.3dmaquinser.com\/wp-content\/uploads\/2020\/08\/Materialise_platform.jpg","contentUrl":"https:\/\/www.3dmaquinser.com\/wp-content\/uploads\/2020\/08\/Materialise_platform.jpg","width":2045,"height":1263},{"@type":"BreadcrumbList","@id":"https:\/\/www.3dmaquinser.com\/en\/productos\/materialise-control-platform\/#breadcrumb","itemListElement":[{"@type":"ListItem","position":1,"name":"Portada","item":"http:\/\/www.3dmaquinser.com\/en\/"},{"@type":"ListItem","position":2,"name":"Tienda","item":"http:\/\/www.3dmaquinser.com\/tienda\/"},{"@type":"ListItem","position":3,"name":"Materialise Control Platform"}]},{"@type":"WebSite","@id":"http:\/\/www.3dmaquinser.com\/en\/#website","url":"http:\/\/www.3dmaquinser.com\/en\/","name":"Impresi\u00f3n 3D Maquinser","description":"Especialistas en Impresi\u00f3n 3D y procesos de Fabricaci\u00f3n aditiva","publisher":{"@id":"http:\/\/www.3dmaquinser.com\/en\/#organization"},"potentialAction":[{"@type":"SearchAction","target":{"@type":"EntryPoint","urlTemplate":"http:\/\/www.3dmaquinser.com\/en\/?s={search_term_string}"},"query-input":{"@type":"PropertyValueSpecification","valueRequired":true,"valueName":"search_term_string"}}],"inLanguage":"en-US"},{"@type":"Organization","@id":"http:\/\/www.3dmaquinser.com\/en\/#organization","name":"Impresi\u00f3n 3D Maquinser","url":"http:\/\/www.3dmaquinser.com\/en\/","logo":{"@type":"ImageObject","inLanguage":"en-US","@id":"http:\/\/www.3dmaquinser.com\/en\/#\/schema\/logo\/image\/","url":"https:\/\/www.3dmaquinser.com\/wp-content\/uploads\/2020\/04\/LOGO-3D-Maquinser.png","contentUrl":"https:\/\/www.3dmaquinser.com\/wp-content\/uploads\/2020\/04\/LOGO-3D-Maquinser.png","width":563,"height":110,"caption":"Impresi\u00f3n 3D Maquinser"},"image":{"@id":"http:\/\/www.3dmaquinser.com\/en\/#\/schema\/logo\/image\/"}}]}},"brands":[{"id":64,"name":"Materialise","slug":"materialise"}],"_links":{"self":[{"href":"https:\/\/www.3dmaquinser.com\/en\/wp-json\/wp\/v2\/product\/8651","targetHints":{"allow":["GET"]}}],"collection":[{"href":"https:\/\/www.3dmaquinser.com\/en\/wp-json\/wp\/v2\/product"}],"about":[{"href":"https:\/\/www.3dmaquinser.com\/en\/wp-json\/wp\/v2\/types\/product"}],"replies":[{"embeddable":true,"href":"https:\/\/www.3dmaquinser.com\/en\/wp-json\/wp\/v2\/comments?post=8651"}],"wp:featuredmedia":[{"embeddable":true,"href":"https:\/\/www.3dmaquinser.com\/en\/wp-json\/wp\/v2\/media\/6594"}],"wp:attachment":[{"href":"https:\/\/www.3dmaquinser.com\/en\/wp-json\/wp\/v2\/media?parent=8651"}],"wp:term":[{"taxonomy":"pwb-brand","embeddable":true,"href":"https:\/\/www.3dmaquinser.com\/en\/wp-json\/wp\/v2\/pwb-brand?post=8651"},{"taxonomy":"product_brand","embeddable":true,"href":"https:\/\/www.3dmaquinser.com\/en\/wp-json\/wp\/v2\/product_brand?post=8651"},{"taxonomy":"product_cat","embeddable":true,"href":"https:\/\/www.3dmaquinser.com\/en\/wp-json\/wp\/v2\/product_cat?post=8651"},{"taxonomy":"product_tag","embeddable":true,"href":"https:\/\/www.3dmaquinser.com\/en\/wp-json\/wp\/v2\/product_tag?post=8651"}],"curies":[{"name":"wp","href":"https:\/\/api.w.org\/{rel}","templated":true}]}}