{"id":8648,"date":"2020-08-28T10:15:53","date_gmt":"2021-10-29T15:39:42","guid":{"rendered":"http:\/\/www.3dmaquinser.com\/?post_type=product&#038;p=8648"},"modified":"2022-03-09T16:58:31","modified_gmt":"2022-03-09T16:58:31","slug":"materialise-magics","status":"publish","type":"product","link":"https:\/\/www.3dmaquinser.com\/en\/productos\/materialise-magics\/","title":{"rendered":"Materialise Magics"},"content":{"rendered":"","protected":false},"excerpt":{"rendered":"<p>When a 3D design file reaches your desk, you first need to make it printable. The possible operations vary greatly, from small edits like changes in wall thickness to generating support structures for the entire build. Without the right software, these steps equal a lot of time and effort.<\/p>\n<p>Materialise Magics simplifies data and build preparation with one easy-to-use solution. Whether you want precise control over your workflow or quick, optimized enhancements at the click of a button, Magics will guide you to success.<\/p>\n","protected":false},"featured_media":6610,"comment_status":"closed","ping_status":"closed","template":"","meta":[],"pwb-brand":[64],"product_brand":[],"product_cat":[413,409],"product_tag":[],"class_list":{"0":"post-8648","1":"product","2":"type-product","3":"status-publish","4":"has-post-thumbnail","6":"pwb-brand-materialise","7":"product_cat-preparation","8":"product_cat-software-en","9":"entry","10":"has-media","12":"first","13":"instock","14":"shipping-taxable","15":"product-type-simple","16":"col","17":"wpex-woo-entry","18":"span_1_of_2"},"yoast_head":"<!-- This site is optimized with the Yoast SEO plugin v25.2 - https:\/\/yoast.com\/wordpress\/plugins\/seo\/ -->\n<title>Materialise Magics - Impresi\u00f3n 3D Maquinser<\/title>\n<meta name=\"robots\" content=\"index, follow, max-snippet:-1, max-image-preview:large, max-video-preview:-1\" \/>\n<link rel=\"canonical\" href=\"https:\/\/www.3dmaquinser.com\/en\/productos\/materialise-magics\/\" \/>\n<meta property=\"og:locale\" content=\"en_US\" \/>\n<meta property=\"og:type\" content=\"article\" \/>\n<meta property=\"og:title\" content=\"Materialise Magics - Impresi\u00f3n 3D Maquinser\" \/>\n<meta property=\"og:description\" content=\"When a 3D design file reaches your desk, you first need to make it printable. The possible operations vary greatly, from small edits like changes in wall thickness to generating support structures for the entire build. Without the right software, these steps equal a lot of time and effort.  Materialise Magics simplifies data and build preparation with one easy-to-use solution. Whether you want precise control over your workflow or quick, optimized enhancements at the click of a button, Magics will guide you to success.\" \/>\n<meta property=\"og:url\" content=\"https:\/\/www.3dmaquinser.com\/en\/productos\/materialise-magics\/\" \/>\n<meta property=\"og:site_name\" content=\"Impresi\u00f3n 3D Maquinser\" \/>\n<meta property=\"article:modified_time\" content=\"2022-03-09T16:58:31+00:00\" \/>\n<meta property=\"og:image\" content=\"https:\/\/www.3dmaquinser.com\/wp-content\/uploads\/2020\/08\/Materialise_Magics-1.jpg\" \/>\n\t<meta property=\"og:image:width\" content=\"2045\" \/>\n\t<meta property=\"og:image:height\" content=\"1263\" \/>\n\t<meta property=\"og:image:type\" content=\"image\/jpeg\" \/>\n<meta name=\"twitter:card\" content=\"summary_large_image\" \/>\n<script type=\"application\/ld+json\" class=\"yoast-schema-graph\">{\"@context\":\"https:\/\/schema.org\",\"@graph\":[{\"@type\":\"WebPage\",\"@id\":\"https:\/\/www.3dmaquinser.com\/en\/productos\/materialise-magics\/\",\"url\":\"https:\/\/www.3dmaquinser.com\/en\/productos\/materialise-magics\/\",\"name\":\"Materialise Magics - Impresi\u00f3n 3D Maquinser\",\"isPartOf\":{\"@id\":\"http:\/\/www.3dmaquinser.com\/en\/#website\"},\"primaryImageOfPage\":{\"@id\":\"https:\/\/www.3dmaquinser.com\/en\/productos\/materialise-magics\/#primaryimage\"},\"image\":{\"@id\":\"https:\/\/www.3dmaquinser.com\/en\/productos\/materialise-magics\/#primaryimage\"},\"thumbnailUrl\":\"https:\/\/www.3dmaquinser.com\/wp-content\/uploads\/2020\/08\/Materialise_Magics-1.jpg\",\"datePublished\":\"2021-10-29T15:39:42+00:00\",\"dateModified\":\"2022-03-09T16:58:31+00:00\",\"breadcrumb\":{\"@id\":\"https:\/\/www.3dmaquinser.com\/en\/productos\/materialise-magics\/#breadcrumb\"},\"inLanguage\":\"en-US\",\"potentialAction\":[{\"@type\":\"ReadAction\",\"target\":[\"https:\/\/www.3dmaquinser.com\/en\/productos\/materialise-magics\/\"]}]},{\"@type\":\"ImageObject\",\"inLanguage\":\"en-US\",\"@id\":\"https:\/\/www.3dmaquinser.com\/en\/productos\/materialise-magics\/#primaryimage\",\"url\":\"https:\/\/www.3dmaquinser.com\/wp-content\/uploads\/2020\/08\/Materialise_Magics-1.jpg\",\"contentUrl\":\"https:\/\/www.3dmaquinser.com\/wp-content\/uploads\/2020\/08\/Materialise_Magics-1.jpg\",\"width\":2045,\"height\":1263},{\"@type\":\"BreadcrumbList\",\"@id\":\"https:\/\/www.3dmaquinser.com\/en\/productos\/materialise-magics\/#breadcrumb\",\"itemListElement\":[{\"@type\":\"ListItem\",\"position\":1,\"name\":\"Portada\",\"item\":\"http:\/\/www.3dmaquinser.com\/en\/\"},{\"@type\":\"ListItem\",\"position\":2,\"name\":\"Tienda\",\"item\":\"http:\/\/www.3dmaquinser.com\/tienda\/\"},{\"@type\":\"ListItem\",\"position\":3,\"name\":\"Materialise Magics\"}]},{\"@type\":\"WebSite\",\"@id\":\"http:\/\/www.3dmaquinser.com\/en\/#website\",\"url\":\"http:\/\/www.3dmaquinser.com\/en\/\",\"name\":\"Impresi\u00f3n 3D Maquinser\",\"description\":\"Especialistas en Impresi\u00f3n 3D y procesos de Fabricaci\u00f3n aditiva\",\"publisher\":{\"@id\":\"http:\/\/www.3dmaquinser.com\/en\/#organization\"},\"potentialAction\":[{\"@type\":\"SearchAction\",\"target\":{\"@type\":\"EntryPoint\",\"urlTemplate\":\"http:\/\/www.3dmaquinser.com\/en\/?s={search_term_string}\"},\"query-input\":{\"@type\":\"PropertyValueSpecification\",\"valueRequired\":true,\"valueName\":\"search_term_string\"}}],\"inLanguage\":\"en-US\"},{\"@type\":\"Organization\",\"@id\":\"http:\/\/www.3dmaquinser.com\/en\/#organization\",\"name\":\"Impresi\u00f3n 3D Maquinser\",\"url\":\"http:\/\/www.3dmaquinser.com\/en\/\",\"logo\":{\"@type\":\"ImageObject\",\"inLanguage\":\"en-US\",\"@id\":\"http:\/\/www.3dmaquinser.com\/en\/#\/schema\/logo\/image\/\",\"url\":\"https:\/\/www.3dmaquinser.com\/wp-content\/uploads\/2020\/04\/LOGO-3D-Maquinser.png\",\"contentUrl\":\"https:\/\/www.3dmaquinser.com\/wp-content\/uploads\/2020\/04\/LOGO-3D-Maquinser.png\",\"width\":563,\"height\":110,\"caption\":\"Impresi\u00f3n 3D Maquinser\"},\"image\":{\"@id\":\"http:\/\/www.3dmaquinser.com\/en\/#\/schema\/logo\/image\/\"}}]}<\/script>\n<!-- \/ Yoast SEO plugin. -->","yoast_head_json":{"title":"Materialise Magics - Impresi\u00f3n 3D Maquinser","robots":{"index":"index","follow":"follow","max-snippet":"max-snippet:-1","max-image-preview":"max-image-preview:large","max-video-preview":"max-video-preview:-1"},"canonical":"https:\/\/www.3dmaquinser.com\/en\/productos\/materialise-magics\/","og_locale":"en_US","og_type":"article","og_title":"Materialise Magics - Impresi\u00f3n 3D Maquinser","og_description":"When a 3D design file reaches your desk, you first need to make it printable. The possible operations vary greatly, from small edits like changes in wall thickness to generating support structures for the entire build. Without the right software, these steps equal a lot of time and effort.  Materialise Magics simplifies data and build preparation with one easy-to-use solution. Whether you want precise control over your workflow or quick, optimized enhancements at the click of a button, Magics will guide you to success.","og_url":"https:\/\/www.3dmaquinser.com\/en\/productos\/materialise-magics\/","og_site_name":"Impresi\u00f3n 3D Maquinser","article_modified_time":"2022-03-09T16:58:31+00:00","og_image":[{"width":2045,"height":1263,"url":"https:\/\/www.3dmaquinser.com\/wp-content\/uploads\/2020\/08\/Materialise_Magics-1.jpg","type":"image\/jpeg"}],"twitter_card":"summary_large_image","schema":{"@context":"https:\/\/schema.org","@graph":[{"@type":"WebPage","@id":"https:\/\/www.3dmaquinser.com\/en\/productos\/materialise-magics\/","url":"https:\/\/www.3dmaquinser.com\/en\/productos\/materialise-magics\/","name":"Materialise Magics - Impresi\u00f3n 3D Maquinser","isPartOf":{"@id":"http:\/\/www.3dmaquinser.com\/en\/#website"},"primaryImageOfPage":{"@id":"https:\/\/www.3dmaquinser.com\/en\/productos\/materialise-magics\/#primaryimage"},"image":{"@id":"https:\/\/www.3dmaquinser.com\/en\/productos\/materialise-magics\/#primaryimage"},"thumbnailUrl":"https:\/\/www.3dmaquinser.com\/wp-content\/uploads\/2020\/08\/Materialise_Magics-1.jpg","datePublished":"2021-10-29T15:39:42+00:00","dateModified":"2022-03-09T16:58:31+00:00","breadcrumb":{"@id":"https:\/\/www.3dmaquinser.com\/en\/productos\/materialise-magics\/#breadcrumb"},"inLanguage":"en-US","potentialAction":[{"@type":"ReadAction","target":["https:\/\/www.3dmaquinser.com\/en\/productos\/materialise-magics\/"]}]},{"@type":"ImageObject","inLanguage":"en-US","@id":"https:\/\/www.3dmaquinser.com\/en\/productos\/materialise-magics\/#primaryimage","url":"https:\/\/www.3dmaquinser.com\/wp-content\/uploads\/2020\/08\/Materialise_Magics-1.jpg","contentUrl":"https:\/\/www.3dmaquinser.com\/wp-content\/uploads\/2020\/08\/Materialise_Magics-1.jpg","width":2045,"height":1263},{"@type":"BreadcrumbList","@id":"https:\/\/www.3dmaquinser.com\/en\/productos\/materialise-magics\/#breadcrumb","itemListElement":[{"@type":"ListItem","position":1,"name":"Portada","item":"http:\/\/www.3dmaquinser.com\/en\/"},{"@type":"ListItem","position":2,"name":"Tienda","item":"http:\/\/www.3dmaquinser.com\/tienda\/"},{"@type":"ListItem","position":3,"name":"Materialise Magics"}]},{"@type":"WebSite","@id":"http:\/\/www.3dmaquinser.com\/en\/#website","url":"http:\/\/www.3dmaquinser.com\/en\/","name":"Impresi\u00f3n 3D Maquinser","description":"Especialistas en Impresi\u00f3n 3D y procesos de Fabricaci\u00f3n aditiva","publisher":{"@id":"http:\/\/www.3dmaquinser.com\/en\/#organization"},"potentialAction":[{"@type":"SearchAction","target":{"@type":"EntryPoint","urlTemplate":"http:\/\/www.3dmaquinser.com\/en\/?s={search_term_string}"},"query-input":{"@type":"PropertyValueSpecification","valueRequired":true,"valueName":"search_term_string"}}],"inLanguage":"en-US"},{"@type":"Organization","@id":"http:\/\/www.3dmaquinser.com\/en\/#organization","name":"Impresi\u00f3n 3D Maquinser","url":"http:\/\/www.3dmaquinser.com\/en\/","logo":{"@type":"ImageObject","inLanguage":"en-US","@id":"http:\/\/www.3dmaquinser.com\/en\/#\/schema\/logo\/image\/","url":"https:\/\/www.3dmaquinser.com\/wp-content\/uploads\/2020\/04\/LOGO-3D-Maquinser.png","contentUrl":"https:\/\/www.3dmaquinser.com\/wp-content\/uploads\/2020\/04\/LOGO-3D-Maquinser.png","width":563,"height":110,"caption":"Impresi\u00f3n 3D Maquinser"},"image":{"@id":"http:\/\/www.3dmaquinser.com\/en\/#\/schema\/logo\/image\/"}}]}},"brands":[{"id":64,"name":"Materialise","slug":"materialise"}],"_links":{"self":[{"href":"https:\/\/www.3dmaquinser.com\/en\/wp-json\/wp\/v2\/product\/8648","targetHints":{"allow":["GET"]}}],"collection":[{"href":"https:\/\/www.3dmaquinser.com\/en\/wp-json\/wp\/v2\/product"}],"about":[{"href":"https:\/\/www.3dmaquinser.com\/en\/wp-json\/wp\/v2\/types\/product"}],"replies":[{"embeddable":true,"href":"https:\/\/www.3dmaquinser.com\/en\/wp-json\/wp\/v2\/comments?post=8648"}],"wp:featuredmedia":[{"embeddable":true,"href":"https:\/\/www.3dmaquinser.com\/en\/wp-json\/wp\/v2\/media\/6610"}],"wp:attachment":[{"href":"https:\/\/www.3dmaquinser.com\/en\/wp-json\/wp\/v2\/media?parent=8648"}],"wp:term":[{"taxonomy":"pwb-brand","embeddable":true,"href":"https:\/\/www.3dmaquinser.com\/en\/wp-json\/wp\/v2\/pwb-brand?post=8648"},{"taxonomy":"product_brand","embeddable":true,"href":"https:\/\/www.3dmaquinser.com\/en\/wp-json\/wp\/v2\/product_brand?post=8648"},{"taxonomy":"product_cat","embeddable":true,"href":"https:\/\/www.3dmaquinser.com\/en\/wp-json\/wp\/v2\/product_cat?post=8648"},{"taxonomy":"product_tag","embeddable":true,"href":"https:\/\/www.3dmaquinser.com\/en\/wp-json\/wp\/v2\/product_tag?post=8648"}],"curies":[{"name":"wp","href":"https:\/\/api.w.org\/{rel}","templated":true}]}}