{"id":8639,"date":"2020-01-12T17:00:31","date_gmt":"2021-10-29T10:33:03","guid":{"rendered":"http:\/\/www.3dmaquinser.com\/?post_type=product&#038;p=8639"},"modified":"2022-01-11T12:18:21","modified_gmt":"2022-01-11T12:18:21","slug":"cleaning-surfacing-dyemansion-powershot-dualperformance","status":"publish","type":"product","link":"https:\/\/www.3dmaquinser.com\/en\/productos\/cleaning-surfacing-dyemansion-powershot-dualperformance\/","title":{"rendered":"<b style=\"color:#0082CA\";>CLEANING &#038; SURFACING <\/b><br>DyeMansion Powershot DUAL<br>PERFORMANCE"},"content":{"rendered":"[vc_row css=&#8221;.vc_custom_1625224653547{margin-top: 50px !important;margin-bottom: 50px !important;padding-top: 100px !important;padding-bottom: 200px !important;background-image: url(http:\/\/www.3dmaquinser.com\/wp-content\/uploads\/2021\/07\/dm_dual_workspace_illustration.jpg?id=7367) !important;background-position: center !important;background-repeat: no-repeat !important;background-size: cover !important;}&#8221; wpex_bg_position=&#8221;center left&#8221;][vc_column][vc_column_text css=&#8221;.vc_custom_1625223256590{margin-right: 10px !important;margin-left: 800px !important;}&#8221;]\n<h1 style=\"text-align: center;\"><span style=\"color: #ffffff; font-size: 50px;\">Save up to<\/span><\/h1>\n<h1 style=\"text-align: center;\"><span style=\"color: #ffffff; font-size: 110px;\">60% <\/span><\/h1>\n<h1 style=\"text-align: center;\"><span style=\"color: #ffffff; font-size: 50px;\">of space<\/span><\/h1>\n[\/vc_column_text][\/vc_column][\/vc_row]\n","protected":false},"excerpt":{"rendered":"<p>[vc_row css=&#8221;.vc_custom_1625224653547{margin-top: 50px !important;margin-bottom: 50px !important;padding-top: 100px !important;padding-bottom: 200px !important;background-image: url(http:\/\/www.3dmaquinser.com\/wp-content\/uploads\/2021\/07\/dm_dual_workspace_illustration.jpg?id=7367) !important;background-position: center !important;background-repeat: no-repeat !important;background-size: cover !important;}&#8221; wpex_bg_position=&#8221;center left&#8221;][vc_column][vc_column_text css=&#8221;.vc_custom_1625223256590{margin-right: 10px !important;margin-left: 800px !important;}&#8221;] Save up to 60% of space [\/vc_column_text][\/vc_column][\/vc_row]<\/p>\n","protected":false},"featured_media":7350,"comment_status":"closed","ping_status":"closed","template":"","meta":[],"pwb-brand":[66],"product_brand":[],"product_cat":[415,252],"product_tag":[],"class_list":{"0":"post-8639","1":"product","2":"type-product","3":"status-publish","4":"has-post-thumbnail","6":"pwb-brand-dyemansion","7":"product_cat-dual-en","8":"product_cat-plastic-post-production","9":"entry","10":"has-media","12":"first","13":"instock","14":"shipping-taxable","15":"product-type-simple","16":"col","17":"wpex-woo-entry","18":"span_1_of_2"},"yoast_head":"<!-- This site is optimized with the Yoast SEO plugin v25.2 - https:\/\/yoast.com\/wordpress\/plugins\/seo\/ -->\n<title>CLEANING &amp; SURFACING DyeMansion Powershot DUALPERFORMANCE - Impresi\u00f3n 3D Maquinser<\/title>\n<meta name=\"robots\" content=\"index, follow, max-snippet:-1, max-image-preview:large, max-video-preview:-1\" \/>\n<link rel=\"canonical\" href=\"https:\/\/www.3dmaquinser.com\/en\/productos\/cleaning-surfacing-dyemansion-powershot-dualperformance\/\" \/>\n<meta property=\"og:locale\" content=\"en_US\" \/>\n<meta property=\"og:type\" content=\"article\" \/>\n<meta property=\"og:title\" content=\"CLEANING &amp; SURFACING DyeMansion Powershot DUALPERFORMANCE - Impresi\u00f3n 3D Maquinser\" \/>\n<meta property=\"og:description\" content=\"[vc_row css=&#8221;.vc_custom_1625224653547{margin-top: 50px !important;margin-bottom: 50px !important;padding-top: 100px !important;padding-bottom: 200px !important;background-image: url(http:\/\/www.3dmaquinser.com\/wp-content\/uploads\/2021\/07\/dm_dual_workspace_illustration.jpg?id=7367) !important;background-position: center !important;background-repeat: no-repeat !important;background-size: cover !important;}&#8221; wpex_bg_position=&#8221;center left&#8221;][vc_column][vc_column_text css=&#8221;.vc_custom_1625223256590{margin-right: 10px !important;margin-left: 800px !important;}&#8221;] Save up to 60% of space [\/vc_column_text][\/vc_column][\/vc_row]\" \/>\n<meta property=\"og:url\" content=\"https:\/\/www.3dmaquinser.com\/en\/productos\/cleaning-surfacing-dyemansion-powershot-dualperformance\/\" \/>\n<meta property=\"og:site_name\" content=\"Impresi\u00f3n 3D Maquinser\" \/>\n<meta property=\"article:modified_time\" content=\"2022-01-11T12:18:21+00:00\" \/>\n<meta property=\"og:image\" content=\"https:\/\/www.3dmaquinser.com\/wp-content\/uploads\/2021\/06\/Powershot-DUAL-Performance-1.jpg\" \/>\n\t<meta property=\"og:image:width\" content=\"981\" \/>\n\t<meta property=\"og:image:height\" content=\"606\" \/>\n\t<meta property=\"og:image:type\" content=\"image\/jpeg\" \/>\n<meta name=\"twitter:card\" content=\"summary_large_image\" \/>\n<meta name=\"twitter:label1\" content=\"Est. reading time\" \/>\n\t<meta name=\"twitter:data1\" content=\"1 minute\" \/>\n<script type=\"application\/ld+json\" class=\"yoast-schema-graph\">{\"@context\":\"https:\/\/schema.org\",\"@graph\":[{\"@type\":\"WebPage\",\"@id\":\"https:\/\/www.3dmaquinser.com\/en\/productos\/cleaning-surfacing-dyemansion-powershot-dualperformance\/\",\"url\":\"https:\/\/www.3dmaquinser.com\/en\/productos\/cleaning-surfacing-dyemansion-powershot-dualperformance\/\",\"name\":\"CLEANING & SURFACING DyeMansion Powershot DUAL PERFORMANCE - Impresi\u00f3n 3D Maquinser\",\"isPartOf\":{\"@id\":\"http:\/\/www.3dmaquinser.com\/en\/#website\"},\"primaryImageOfPage\":{\"@id\":\"https:\/\/www.3dmaquinser.com\/en\/productos\/cleaning-surfacing-dyemansion-powershot-dualperformance\/#primaryimage\"},\"image\":{\"@id\":\"https:\/\/www.3dmaquinser.com\/en\/productos\/cleaning-surfacing-dyemansion-powershot-dualperformance\/#primaryimage\"},\"thumbnailUrl\":\"https:\/\/www.3dmaquinser.com\/wp-content\/uploads\/2021\/06\/Powershot-DUAL-Performance-1.jpg\",\"datePublished\":\"2021-10-29T10:33:03+00:00\",\"dateModified\":\"2022-01-11T12:18:21+00:00\",\"breadcrumb\":{\"@id\":\"https:\/\/www.3dmaquinser.com\/en\/productos\/cleaning-surfacing-dyemansion-powershot-dualperformance\/#breadcrumb\"},\"inLanguage\":\"en-US\",\"potentialAction\":[{\"@type\":\"ReadAction\",\"target\":[\"https:\/\/www.3dmaquinser.com\/en\/productos\/cleaning-surfacing-dyemansion-powershot-dualperformance\/\"]}]},{\"@type\":\"ImageObject\",\"inLanguage\":\"en-US\",\"@id\":\"https:\/\/www.3dmaquinser.com\/en\/productos\/cleaning-surfacing-dyemansion-powershot-dualperformance\/#primaryimage\",\"url\":\"https:\/\/www.3dmaquinser.com\/wp-content\/uploads\/2021\/06\/Powershot-DUAL-Performance-1.jpg\",\"contentUrl\":\"https:\/\/www.3dmaquinser.com\/wp-content\/uploads\/2021\/06\/Powershot-DUAL-Performance-1.jpg\",\"width\":981,\"height\":606},{\"@type\":\"BreadcrumbList\",\"@id\":\"https:\/\/www.3dmaquinser.com\/en\/productos\/cleaning-surfacing-dyemansion-powershot-dualperformance\/#breadcrumb\",\"itemListElement\":[{\"@type\":\"ListItem\",\"position\":1,\"name\":\"Portada\",\"item\":\"http:\/\/www.3dmaquinser.com\/en\/\"},{\"@type\":\"ListItem\",\"position\":2,\"name\":\"Tienda\",\"item\":\"http:\/\/www.3dmaquinser.com\/tienda\/\"},{\"@type\":\"ListItem\",\"position\":3,\"name\":\"CLEANING &#038; SURFACING DyeMansion Powershot DUALPERFORMANCE\"}]},{\"@type\":\"WebSite\",\"@id\":\"http:\/\/www.3dmaquinser.com\/en\/#website\",\"url\":\"http:\/\/www.3dmaquinser.com\/en\/\",\"name\":\"Impresi\u00f3n 3D Maquinser\",\"description\":\"Especialistas en Impresi\u00f3n 3D y procesos de Fabricaci\u00f3n aditiva\",\"publisher\":{\"@id\":\"http:\/\/www.3dmaquinser.com\/en\/#organization\"},\"potentialAction\":[{\"@type\":\"SearchAction\",\"target\":{\"@type\":\"EntryPoint\",\"urlTemplate\":\"http:\/\/www.3dmaquinser.com\/en\/?s={search_term_string}\"},\"query-input\":{\"@type\":\"PropertyValueSpecification\",\"valueRequired\":true,\"valueName\":\"search_term_string\"}}],\"inLanguage\":\"en-US\"},{\"@type\":\"Organization\",\"@id\":\"http:\/\/www.3dmaquinser.com\/en\/#organization\",\"name\":\"Impresi\u00f3n 3D Maquinser\",\"url\":\"http:\/\/www.3dmaquinser.com\/en\/\",\"logo\":{\"@type\":\"ImageObject\",\"inLanguage\":\"en-US\",\"@id\":\"http:\/\/www.3dmaquinser.com\/en\/#\/schema\/logo\/image\/\",\"url\":\"https:\/\/www.3dmaquinser.com\/wp-content\/uploads\/2020\/04\/LOGO-3D-Maquinser.png\",\"contentUrl\":\"https:\/\/www.3dmaquinser.com\/wp-content\/uploads\/2020\/04\/LOGO-3D-Maquinser.png\",\"width\":563,\"height\":110,\"caption\":\"Impresi\u00f3n 3D Maquinser\"},\"image\":{\"@id\":\"http:\/\/www.3dmaquinser.com\/en\/#\/schema\/logo\/image\/\"}}]}<\/script>\n<!-- \/ Yoast SEO plugin. -->","yoast_head_json":{"title":"CLEANING & SURFACING DyeMansion Powershot DUALPERFORMANCE - Impresi\u00f3n 3D Maquinser","robots":{"index":"index","follow":"follow","max-snippet":"max-snippet:-1","max-image-preview":"max-image-preview:large","max-video-preview":"max-video-preview:-1"},"canonical":"https:\/\/www.3dmaquinser.com\/en\/productos\/cleaning-surfacing-dyemansion-powershot-dualperformance\/","og_locale":"en_US","og_type":"article","og_title":"CLEANING & SURFACING DyeMansion Powershot DUALPERFORMANCE - Impresi\u00f3n 3D Maquinser","og_description":"[vc_row css=&#8221;.vc_custom_1625224653547{margin-top: 50px !important;margin-bottom: 50px !important;padding-top: 100px !important;padding-bottom: 200px !important;background-image: url(http:\/\/www.3dmaquinser.com\/wp-content\/uploads\/2021\/07\/dm_dual_workspace_illustration.jpg?id=7367) !important;background-position: center !important;background-repeat: no-repeat !important;background-size: cover !important;}&#8221; wpex_bg_position=&#8221;center left&#8221;][vc_column][vc_column_text css=&#8221;.vc_custom_1625223256590{margin-right: 10px !important;margin-left: 800px !important;}&#8221;] Save up to 60% of space [\/vc_column_text][\/vc_column][\/vc_row]","og_url":"https:\/\/www.3dmaquinser.com\/en\/productos\/cleaning-surfacing-dyemansion-powershot-dualperformance\/","og_site_name":"Impresi\u00f3n 3D Maquinser","article_modified_time":"2022-01-11T12:18:21+00:00","og_image":[{"width":981,"height":606,"url":"https:\/\/www.3dmaquinser.com\/wp-content\/uploads\/2021\/06\/Powershot-DUAL-Performance-1.jpg","type":"image\/jpeg"}],"twitter_card":"summary_large_image","twitter_misc":{"Est. reading time":"1 minute"},"schema":{"@context":"https:\/\/schema.org","@graph":[{"@type":"WebPage","@id":"https:\/\/www.3dmaquinser.com\/en\/productos\/cleaning-surfacing-dyemansion-powershot-dualperformance\/","url":"https:\/\/www.3dmaquinser.com\/en\/productos\/cleaning-surfacing-dyemansion-powershot-dualperformance\/","name":"CLEANING & SURFACING DyeMansion Powershot DUAL PERFORMANCE - Impresi\u00f3n 3D Maquinser","isPartOf":{"@id":"http:\/\/www.3dmaquinser.com\/en\/#website"},"primaryImageOfPage":{"@id":"https:\/\/www.3dmaquinser.com\/en\/productos\/cleaning-surfacing-dyemansion-powershot-dualperformance\/#primaryimage"},"image":{"@id":"https:\/\/www.3dmaquinser.com\/en\/productos\/cleaning-surfacing-dyemansion-powershot-dualperformance\/#primaryimage"},"thumbnailUrl":"https:\/\/www.3dmaquinser.com\/wp-content\/uploads\/2021\/06\/Powershot-DUAL-Performance-1.jpg","datePublished":"2021-10-29T10:33:03+00:00","dateModified":"2022-01-11T12:18:21+00:00","breadcrumb":{"@id":"https:\/\/www.3dmaquinser.com\/en\/productos\/cleaning-surfacing-dyemansion-powershot-dualperformance\/#breadcrumb"},"inLanguage":"en-US","potentialAction":[{"@type":"ReadAction","target":["https:\/\/www.3dmaquinser.com\/en\/productos\/cleaning-surfacing-dyemansion-powershot-dualperformance\/"]}]},{"@type":"ImageObject","inLanguage":"en-US","@id":"https:\/\/www.3dmaquinser.com\/en\/productos\/cleaning-surfacing-dyemansion-powershot-dualperformance\/#primaryimage","url":"https:\/\/www.3dmaquinser.com\/wp-content\/uploads\/2021\/06\/Powershot-DUAL-Performance-1.jpg","contentUrl":"https:\/\/www.3dmaquinser.com\/wp-content\/uploads\/2021\/06\/Powershot-DUAL-Performance-1.jpg","width":981,"height":606},{"@type":"BreadcrumbList","@id":"https:\/\/www.3dmaquinser.com\/en\/productos\/cleaning-surfacing-dyemansion-powershot-dualperformance\/#breadcrumb","itemListElement":[{"@type":"ListItem","position":1,"name":"Portada","item":"http:\/\/www.3dmaquinser.com\/en\/"},{"@type":"ListItem","position":2,"name":"Tienda","item":"http:\/\/www.3dmaquinser.com\/tienda\/"},{"@type":"ListItem","position":3,"name":"CLEANING &#038; SURFACING DyeMansion Powershot DUALPERFORMANCE"}]},{"@type":"WebSite","@id":"http:\/\/www.3dmaquinser.com\/en\/#website","url":"http:\/\/www.3dmaquinser.com\/en\/","name":"Impresi\u00f3n 3D Maquinser","description":"Especialistas en Impresi\u00f3n 3D y procesos de Fabricaci\u00f3n aditiva","publisher":{"@id":"http:\/\/www.3dmaquinser.com\/en\/#organization"},"potentialAction":[{"@type":"SearchAction","target":{"@type":"EntryPoint","urlTemplate":"http:\/\/www.3dmaquinser.com\/en\/?s={search_term_string}"},"query-input":{"@type":"PropertyValueSpecification","valueRequired":true,"valueName":"search_term_string"}}],"inLanguage":"en-US"},{"@type":"Organization","@id":"http:\/\/www.3dmaquinser.com\/en\/#organization","name":"Impresi\u00f3n 3D Maquinser","url":"http:\/\/www.3dmaquinser.com\/en\/","logo":{"@type":"ImageObject","inLanguage":"en-US","@id":"http:\/\/www.3dmaquinser.com\/en\/#\/schema\/logo\/image\/","url":"https:\/\/www.3dmaquinser.com\/wp-content\/uploads\/2020\/04\/LOGO-3D-Maquinser.png","contentUrl":"https:\/\/www.3dmaquinser.com\/wp-content\/uploads\/2020\/04\/LOGO-3D-Maquinser.png","width":563,"height":110,"caption":"Impresi\u00f3n 3D Maquinser"},"image":{"@id":"http:\/\/www.3dmaquinser.com\/en\/#\/schema\/logo\/image\/"}}]}},"brands":[{"id":66,"name":"DyeMansion","slug":"dyemansion"}],"_links":{"self":[{"href":"https:\/\/www.3dmaquinser.com\/en\/wp-json\/wp\/v2\/product\/8639","targetHints":{"allow":["GET"]}}],"collection":[{"href":"https:\/\/www.3dmaquinser.com\/en\/wp-json\/wp\/v2\/product"}],"about":[{"href":"https:\/\/www.3dmaquinser.com\/en\/wp-json\/wp\/v2\/types\/product"}],"replies":[{"embeddable":true,"href":"https:\/\/www.3dmaquinser.com\/en\/wp-json\/wp\/v2\/comments?post=8639"}],"wp:featuredmedia":[{"embeddable":true,"href":"https:\/\/www.3dmaquinser.com\/en\/wp-json\/wp\/v2\/media\/7350"}],"wp:attachment":[{"href":"https:\/\/www.3dmaquinser.com\/en\/wp-json\/wp\/v2\/media?parent=8639"}],"wp:term":[{"taxonomy":"pwb-brand","embeddable":true,"href":"https:\/\/www.3dmaquinser.com\/en\/wp-json\/wp\/v2\/pwb-brand?post=8639"},{"taxonomy":"product_brand","embeddable":true,"href":"https:\/\/www.3dmaquinser.com\/en\/wp-json\/wp\/v2\/product_brand?post=8639"},{"taxonomy":"product_cat","embeddable":true,"href":"https:\/\/www.3dmaquinser.com\/en\/wp-json\/wp\/v2\/product_cat?post=8639"},{"taxonomy":"product_tag","embeddable":true,"href":"https:\/\/www.3dmaquinser.com\/en\/wp-json\/wp\/v2\/product_tag?post=8639"}],"curies":[{"name":"wp","href":"https:\/\/api.w.org\/{rel}","templated":true}]}}