{"id":8418,"date":"2020-06-03T11:01:22","date_gmt":"2021-10-25T10:11:39","guid":{"rendered":"http:\/\/www.3dmaquinser.com\/?post_type=product&#038;p=8418"},"modified":"2022-03-15T10:20:49","modified_gmt":"2022-03-15T10:20:49","slug":"matsuura-lumex-avance-60","status":"publish","type":"product","link":"https:\/\/www.3dmaquinser.com\/en\/productos\/matsuura-lumex-avance-60\/","title":{"rendered":"Matsuura Lumex Avance 60"},"content":{"rendered":"[vc_row bg_style=&#8221;stretch&#8221; css=&#8221;.vc_custom_1489898598244{margin-bottom: 10px !important;}&#8221;][vc_column]<div class=\"vcex-spacing\" style=\"height:15px\"><\/div>[vc_column_text text_align=&#8221;center&#8221; width=&#8221;630px&#8221; font_size=&#8221;14px&#8221;][\/vc_column_text][\/vc_column][\/vc_row][vc_row bg_style=&#8221;stretch&#8221; css=&#8221;.vc_custom_1489898598244{margin-bottom: 10px !important;}&#8221;][vc_column]<div class=\"vcex-module vcex-heading vcex-heading-plain\" style=\"font-size:32px;font-weight:400;text-align:center;\"><span class=\"vcex-heading-inner clr\">Especificaciones<\/span><\/div><div class=\"vcex-spacing\" style=\"height:15px\"><\/div>[\/vc_column][\/vc_row][vc_row bg_style=&#8221;stretch&#8221; css=&#8221;.vc_custom_1489898598244{margin-bottom: 10px !important;}&#8221;][vc_column width=&#8221;1\/2&#8243;][vc_single_image image=&#8221;5407&#8243; alignment=&#8221;center&#8221;][\/vc_column][vc_column width=&#8221;1\/2&#8243;][vc_single_image image=&#8221;5406&#8243; alignment=&#8221;left&#8221;][vc_single_image image=&#8221;5408&#8243;][\/vc_column][\/vc_row][vc_row full_width=&#8221;stretch_row&#8221; bg_style=&#8221;repeat&#8221; css=&#8221;.vc_custom_1591176042333{border-top-width: 1px !important;border-right-width: 0px !important;border-bottom-width: 1px !important;border-left-width: 0px !important;padding-top: 45px !important;padding-bottom: 30px !important;background-color: #f7f7f7 !important;border-left-style: solid !important;border-right-style: solid !important;border-top-style: solid !important;border-bottom-style: solid !important;}&#8221;][vc_column]<div class=\"vcex-module vcex-heading vcex-heading-plain\" style=\"font-size:32px;font-weight:400;text-align:center;\"><span class=\"vcex-heading-inner clr\">Matsuura Lumex Avance 60<\/span><\/div><div class=\"vcex-spacing\" style=\"height:15px\"><\/div>[vc_column_text text_align=&#8221;center&#8221; width=&#8221;760px&#8221; font_size=&#8221;14px&#8221;]C\u00f3mo Funciona?[\/vc_column_text][vc_tta_tabs][vc_tta_section title=&#8221;Video Lumex Avance 60&#8243; tab_id=&#8221;1591180634535-06933e75-b1d4&#8243;][vc_column_text text_align=&#8221;center&#8221; width=&#8221;760px&#8221; font_size=&#8221;14px&#8221;]Producing Order-madeMolds &amp; Parts by One-Machine &amp; One-Process<br \/>\nMatsuura LUMEX Avance-60[\/vc_column_text]<div class=\"vcex-spacing\" style=\"height:40px\"><\/div>[vc_video link=&#8221;https:\/\/youtu.be\/rA7a1mXFiUg&#8221; align=&#8221;center&#8221;]<div class=\"vcex-spacing\" style=\"height:40px\"><\/div>[\/vc_tta_section][vc_tta_section title=&#8221;Moldes&#8221; tab_id=&#8221;1591180615662-81b0244b-c11d&#8221;][vc_column_text text_align=&#8221;center&#8221; width=&#8221;760px&#8221; font_size=&#8221;14px&#8221;][\/vc_column_text]<div class=\"vcex-spacing\" style=\"height:40px\"><\/div>[vc_video link=&#8221;https:\/\/youtu.be\/BMZVxRWzNP0&#8243; align=&#8221;center&#8221;]<div class=\"vcex-spacing\" style=\"height:40px\"><\/div>[\/vc_tta_section][\/vc_tta_tabs][\/vc_column][\/vc_row][vc_row][vc_column]<div class=\"vcex-spacing\" style=\"height:40px\"><\/div>[\/vc_column][\/vc_row]\n","protected":false},"excerpt":{"rendered":"<p>Larger than its predecessor, the LUMEX Avance-60 is the largest build volume metal hybrid additive manufacturing solution on the market.<\/p>\n<p>The ability to manufacture a large and highly complex metal component, combined with the surface finish of a machining process, makes this solution a great ally for industrial production.<\/p>\n","protected":false},"featured_media":8396,"comment_status":"closed","ping_status":"closed","template":"","meta":[],"pwb-brand":[65],"product_brand":[],"product_cat":[249,384,414],"product_tag":[],"class_list":{"0":"post-8418","1":"product","2":"type-product","3":"status-publish","4":"has-post-thumbnail","6":"pwb-brand-lumex-avance","7":"product_cat-3d-printers","8":"product_cat-metal-machining","9":"product_cat-metal-en","10":"entry","11":"has-media","13":"first","14":"instock","15":"shipping-taxable","16":"product-type-simple","17":"col","18":"wpex-woo-entry","19":"span_1_of_2"},"yoast_head":"<!-- This site is optimized with the Yoast SEO plugin v25.2 - https:\/\/yoast.com\/wordpress\/plugins\/seo\/ -->\n<title>Matsuura Lumex Avance 60 - Impresi\u00f3n 3D Maquinser<\/title>\n<meta name=\"robots\" content=\"index, follow, max-snippet:-1, max-image-preview:large, max-video-preview:-1\" \/>\n<link rel=\"canonical\" href=\"https:\/\/www.3dmaquinser.com\/en\/productos\/matsuura-lumex-avance-60\/\" \/>\n<meta property=\"og:locale\" content=\"en_US\" \/>\n<meta property=\"og:type\" content=\"article\" \/>\n<meta property=\"og:title\" content=\"Matsuura Lumex Avance 60 - Impresi\u00f3n 3D Maquinser\" \/>\n<meta property=\"og:description\" content=\"Larger than its predecessor, the LUMEX Avance-60 is the largest build volume metal hybrid additive manufacturing solution on the market.  The ability to manufacture a large and highly complex metal component, combined with the surface finish of a machining process, makes this solution a great ally for industrial production.\" \/>\n<meta property=\"og:url\" content=\"https:\/\/www.3dmaquinser.com\/en\/productos\/matsuura-lumex-avance-60\/\" \/>\n<meta property=\"og:site_name\" content=\"Impresi\u00f3n 3D Maquinser\" \/>\n<meta property=\"article:modified_time\" content=\"2022-03-15T10:20:49+00:00\" \/>\n<meta property=\"og:image\" content=\"https:\/\/www.3dmaquinser.com\/wp-content\/uploads\/2016\/09\/Lumex-60-3dweb.jpg\" \/>\n\t<meta property=\"og:image:width\" content=\"981\" \/>\n\t<meta property=\"og:image:height\" content=\"607\" \/>\n\t<meta property=\"og:image:type\" content=\"image\/jpeg\" \/>\n<meta name=\"twitter:card\" content=\"summary_large_image\" \/>\n<meta name=\"twitter:label1\" content=\"Est. reading time\" \/>\n\t<meta name=\"twitter:data1\" content=\"1 minute\" \/>\n<script type=\"application\/ld+json\" class=\"yoast-schema-graph\">{\"@context\":\"https:\/\/schema.org\",\"@graph\":[{\"@type\":\"WebPage\",\"@id\":\"https:\/\/www.3dmaquinser.com\/en\/productos\/matsuura-lumex-avance-60\/\",\"url\":\"https:\/\/www.3dmaquinser.com\/en\/productos\/matsuura-lumex-avance-60\/\",\"name\":\"Matsuura Lumex Avance 60 - Impresi\u00f3n 3D Maquinser\",\"isPartOf\":{\"@id\":\"http:\/\/www.3dmaquinser.com\/en\/#website\"},\"primaryImageOfPage\":{\"@id\":\"https:\/\/www.3dmaquinser.com\/en\/productos\/matsuura-lumex-avance-60\/#primaryimage\"},\"image\":{\"@id\":\"https:\/\/www.3dmaquinser.com\/en\/productos\/matsuura-lumex-avance-60\/#primaryimage\"},\"thumbnailUrl\":\"https:\/\/www.3dmaquinser.com\/wp-content\/uploads\/2016\/09\/Lumex-60-3dweb.jpg\",\"datePublished\":\"2021-10-25T10:11:39+00:00\",\"dateModified\":\"2022-03-15T10:20:49+00:00\",\"breadcrumb\":{\"@id\":\"https:\/\/www.3dmaquinser.com\/en\/productos\/matsuura-lumex-avance-60\/#breadcrumb\"},\"inLanguage\":\"en-US\",\"potentialAction\":[{\"@type\":\"ReadAction\",\"target\":[\"https:\/\/www.3dmaquinser.com\/en\/productos\/matsuura-lumex-avance-60\/\"]}]},{\"@type\":\"ImageObject\",\"inLanguage\":\"en-US\",\"@id\":\"https:\/\/www.3dmaquinser.com\/en\/productos\/matsuura-lumex-avance-60\/#primaryimage\",\"url\":\"https:\/\/www.3dmaquinser.com\/wp-content\/uploads\/2016\/09\/Lumex-60-3dweb.jpg\",\"contentUrl\":\"https:\/\/www.3dmaquinser.com\/wp-content\/uploads\/2016\/09\/Lumex-60-3dweb.jpg\",\"width\":981,\"height\":607},{\"@type\":\"BreadcrumbList\",\"@id\":\"https:\/\/www.3dmaquinser.com\/en\/productos\/matsuura-lumex-avance-60\/#breadcrumb\",\"itemListElement\":[{\"@type\":\"ListItem\",\"position\":1,\"name\":\"Portada\",\"item\":\"http:\/\/www.3dmaquinser.com\/en\/\"},{\"@type\":\"ListItem\",\"position\":2,\"name\":\"Tienda\",\"item\":\"http:\/\/www.3dmaquinser.com\/tienda\/\"},{\"@type\":\"ListItem\",\"position\":3,\"name\":\"Matsuura Lumex Avance 60\"}]},{\"@type\":\"WebSite\",\"@id\":\"http:\/\/www.3dmaquinser.com\/en\/#website\",\"url\":\"http:\/\/www.3dmaquinser.com\/en\/\",\"name\":\"Impresi\u00f3n 3D Maquinser\",\"description\":\"Especialistas en Impresi\u00f3n 3D y procesos de Fabricaci\u00f3n aditiva\",\"publisher\":{\"@id\":\"http:\/\/www.3dmaquinser.com\/en\/#organization\"},\"potentialAction\":[{\"@type\":\"SearchAction\",\"target\":{\"@type\":\"EntryPoint\",\"urlTemplate\":\"http:\/\/www.3dmaquinser.com\/en\/?s={search_term_string}\"},\"query-input\":{\"@type\":\"PropertyValueSpecification\",\"valueRequired\":true,\"valueName\":\"search_term_string\"}}],\"inLanguage\":\"en-US\"},{\"@type\":\"Organization\",\"@id\":\"http:\/\/www.3dmaquinser.com\/en\/#organization\",\"name\":\"Impresi\u00f3n 3D Maquinser\",\"url\":\"http:\/\/www.3dmaquinser.com\/en\/\",\"logo\":{\"@type\":\"ImageObject\",\"inLanguage\":\"en-US\",\"@id\":\"http:\/\/www.3dmaquinser.com\/en\/#\/schema\/logo\/image\/\",\"url\":\"https:\/\/www.3dmaquinser.com\/wp-content\/uploads\/2020\/04\/LOGO-3D-Maquinser.png\",\"contentUrl\":\"https:\/\/www.3dmaquinser.com\/wp-content\/uploads\/2020\/04\/LOGO-3D-Maquinser.png\",\"width\":563,\"height\":110,\"caption\":\"Impresi\u00f3n 3D Maquinser\"},\"image\":{\"@id\":\"http:\/\/www.3dmaquinser.com\/en\/#\/schema\/logo\/image\/\"}}]}<\/script>\n<!-- \/ Yoast SEO plugin. -->","yoast_head_json":{"title":"Matsuura Lumex Avance 60 - Impresi\u00f3n 3D Maquinser","robots":{"index":"index","follow":"follow","max-snippet":"max-snippet:-1","max-image-preview":"max-image-preview:large","max-video-preview":"max-video-preview:-1"},"canonical":"https:\/\/www.3dmaquinser.com\/en\/productos\/matsuura-lumex-avance-60\/","og_locale":"en_US","og_type":"article","og_title":"Matsuura Lumex Avance 60 - Impresi\u00f3n 3D Maquinser","og_description":"Larger than its predecessor, the LUMEX Avance-60 is the largest build volume metal hybrid additive manufacturing solution on the market.  The ability to manufacture a large and highly complex metal component, combined with the surface finish of a machining process, makes this solution a great ally for industrial production.","og_url":"https:\/\/www.3dmaquinser.com\/en\/productos\/matsuura-lumex-avance-60\/","og_site_name":"Impresi\u00f3n 3D Maquinser","article_modified_time":"2022-03-15T10:20:49+00:00","og_image":[{"width":981,"height":607,"url":"https:\/\/www.3dmaquinser.com\/wp-content\/uploads\/2016\/09\/Lumex-60-3dweb.jpg","type":"image\/jpeg"}],"twitter_card":"summary_large_image","twitter_misc":{"Est. reading time":"1 minute"},"schema":{"@context":"https:\/\/schema.org","@graph":[{"@type":"WebPage","@id":"https:\/\/www.3dmaquinser.com\/en\/productos\/matsuura-lumex-avance-60\/","url":"https:\/\/www.3dmaquinser.com\/en\/productos\/matsuura-lumex-avance-60\/","name":"Matsuura Lumex Avance 60 - Impresi\u00f3n 3D Maquinser","isPartOf":{"@id":"http:\/\/www.3dmaquinser.com\/en\/#website"},"primaryImageOfPage":{"@id":"https:\/\/www.3dmaquinser.com\/en\/productos\/matsuura-lumex-avance-60\/#primaryimage"},"image":{"@id":"https:\/\/www.3dmaquinser.com\/en\/productos\/matsuura-lumex-avance-60\/#primaryimage"},"thumbnailUrl":"https:\/\/www.3dmaquinser.com\/wp-content\/uploads\/2016\/09\/Lumex-60-3dweb.jpg","datePublished":"2021-10-25T10:11:39+00:00","dateModified":"2022-03-15T10:20:49+00:00","breadcrumb":{"@id":"https:\/\/www.3dmaquinser.com\/en\/productos\/matsuura-lumex-avance-60\/#breadcrumb"},"inLanguage":"en-US","potentialAction":[{"@type":"ReadAction","target":["https:\/\/www.3dmaquinser.com\/en\/productos\/matsuura-lumex-avance-60\/"]}]},{"@type":"ImageObject","inLanguage":"en-US","@id":"https:\/\/www.3dmaquinser.com\/en\/productos\/matsuura-lumex-avance-60\/#primaryimage","url":"https:\/\/www.3dmaquinser.com\/wp-content\/uploads\/2016\/09\/Lumex-60-3dweb.jpg","contentUrl":"https:\/\/www.3dmaquinser.com\/wp-content\/uploads\/2016\/09\/Lumex-60-3dweb.jpg","width":981,"height":607},{"@type":"BreadcrumbList","@id":"https:\/\/www.3dmaquinser.com\/en\/productos\/matsuura-lumex-avance-60\/#breadcrumb","itemListElement":[{"@type":"ListItem","position":1,"name":"Portada","item":"http:\/\/www.3dmaquinser.com\/en\/"},{"@type":"ListItem","position":2,"name":"Tienda","item":"http:\/\/www.3dmaquinser.com\/tienda\/"},{"@type":"ListItem","position":3,"name":"Matsuura Lumex Avance 60"}]},{"@type":"WebSite","@id":"http:\/\/www.3dmaquinser.com\/en\/#website","url":"http:\/\/www.3dmaquinser.com\/en\/","name":"Impresi\u00f3n 3D Maquinser","description":"Especialistas en Impresi\u00f3n 3D y procesos de Fabricaci\u00f3n aditiva","publisher":{"@id":"http:\/\/www.3dmaquinser.com\/en\/#organization"},"potentialAction":[{"@type":"SearchAction","target":{"@type":"EntryPoint","urlTemplate":"http:\/\/www.3dmaquinser.com\/en\/?s={search_term_string}"},"query-input":{"@type":"PropertyValueSpecification","valueRequired":true,"valueName":"search_term_string"}}],"inLanguage":"en-US"},{"@type":"Organization","@id":"http:\/\/www.3dmaquinser.com\/en\/#organization","name":"Impresi\u00f3n 3D Maquinser","url":"http:\/\/www.3dmaquinser.com\/en\/","logo":{"@type":"ImageObject","inLanguage":"en-US","@id":"http:\/\/www.3dmaquinser.com\/en\/#\/schema\/logo\/image\/","url":"https:\/\/www.3dmaquinser.com\/wp-content\/uploads\/2020\/04\/LOGO-3D-Maquinser.png","contentUrl":"https:\/\/www.3dmaquinser.com\/wp-content\/uploads\/2020\/04\/LOGO-3D-Maquinser.png","width":563,"height":110,"caption":"Impresi\u00f3n 3D Maquinser"},"image":{"@id":"http:\/\/www.3dmaquinser.com\/en\/#\/schema\/logo\/image\/"}}]}},"brands":[{"id":65,"name":"Matsuura Lumex Avance","slug":"lumex-avance"}],"_links":{"self":[{"href":"https:\/\/www.3dmaquinser.com\/en\/wp-json\/wp\/v2\/product\/8418","targetHints":{"allow":["GET"]}}],"collection":[{"href":"https:\/\/www.3dmaquinser.com\/en\/wp-json\/wp\/v2\/product"}],"about":[{"href":"https:\/\/www.3dmaquinser.com\/en\/wp-json\/wp\/v2\/types\/product"}],"replies":[{"embeddable":true,"href":"https:\/\/www.3dmaquinser.com\/en\/wp-json\/wp\/v2\/comments?post=8418"}],"wp:featuredmedia":[{"embeddable":true,"href":"https:\/\/www.3dmaquinser.com\/en\/wp-json\/wp\/v2\/media\/8396"}],"wp:attachment":[{"href":"https:\/\/www.3dmaquinser.com\/en\/wp-json\/wp\/v2\/media?parent=8418"}],"wp:term":[{"taxonomy":"pwb-brand","embeddable":true,"href":"https:\/\/www.3dmaquinser.com\/en\/wp-json\/wp\/v2\/pwb-brand?post=8418"},{"taxonomy":"product_brand","embeddable":true,"href":"https:\/\/www.3dmaquinser.com\/en\/wp-json\/wp\/v2\/product_brand?post=8418"},{"taxonomy":"product_cat","embeddable":true,"href":"https:\/\/www.3dmaquinser.com\/en\/wp-json\/wp\/v2\/product_cat?post=8418"},{"taxonomy":"product_tag","embeddable":true,"href":"https:\/\/www.3dmaquinser.com\/en\/wp-json\/wp\/v2\/product_tag?post=8418"}],"curies":[{"name":"wp","href":"https:\/\/api.w.org\/{rel}","templated":true}]}}