{"id":7437,"date":"2021-09-06T14:25:33","date_gmt":"2021-09-06T14:25:33","guid":{"rendered":"http:\/\/www.3dmaquinser.com\/?post_type=product&#038;p=7437"},"modified":"2021-09-27T15:02:15","modified_gmt":"2021-09-27T15:02:15","slug":"smart-part-washer","status":"publish","type":"product","link":"https:\/\/www.3dmaquinser.com\/en\/productos\/smart-part-washer\/","title":{"rendered":"Smart Part Washer"},"content":{"rendered":"[vc_row][vc_column][vc_empty_space][\/vc_column][\/vc_row][vc_row][vc_column width=&#8221;1\/3&#8243;][vc_column_text]\n<h4>Simple, Mess-Free Washing<\/h4>\n<p>A game-changer in cleaning parts. Simply place the build platform from an M2 printer into the Smart Part Washer and let it run.[\/vc_column_text][\/vc_column][vc_column width=&#8221;1\/3&#8243;][vc_column_text]\n<h4>Maximize Part Quality<\/h4>\n<p>Get a consistent, predictable, and thorough clean of your prints by moving from a manual process to a smart, automated process.[\/vc_column_text][\/vc_column][vc_column width=&#8221;1\/3&#8243;][vc_column_text]\n<h4>70% Labor Savings Per Wash<\/h4>\n<p>With optimized wash protocols, labor time per print is minimal. Spend that time more productively\u2014making new parts.[\/vc_column_text][\/vc_column][\/vc_row][vc_row][vc_column][vc_empty_space][\/vc_column][\/vc_row][vc_row][vc_column width=&#8221;1\/2&#8243;][vc_video link=&#8221;https:\/\/player.vimeo.com\/video\/506288930?autoplay=1;loop=1;autopause=0&#8243;][\/vc_column][vc_column width=&#8221;1\/2&#8243;][vc_video link=&#8221;https:\/\/youtu.be\/gODAJcTbBNY&#8221;][\/vc_column][\/vc_row][vc_row][vc_column width=&#8221;1\/3&#8243;][\/vc_column][vc_column width=&#8221;1\/3&#8243;][vc_column_text]\n<table border=\"0\" cellspacing=\"0\">\n<tbody>\n<tr>\n<td><strong>Size<\/strong><\/td>\n<td>35 in. x 24 in. x 49 in<\/td>\n<\/tr>\n<tr>\n<td><strong>Weight<\/strong><\/td>\n<td>350 lb<\/td>\n<\/tr>\n<tr>\n<td><strong>Washer Volume<\/strong><\/td>\n<td>1x build platform<\/td>\n<\/tr>\n<\/tbody>\n<\/table>\n[\/vc_column_text][\/vc_column][vc_column width=&#8221;1\/3&#8243;][\/vc_column][\/vc_row]\n","protected":false},"excerpt":{"rendered":"<p>Reduce labor costs and increase throughput<\/p>\n","protected":false},"featured_media":7439,"comment_status":"closed","ping_status":"closed","template":"","meta":[],"pwb-brand":[233],"product_brand":[],"product_cat":[235],"product_tag":[],"class_list":{"0":"post-7437","1":"product","2":"type-product","3":"status-publish","4":"has-post-thumbnail","6":"pwb-brand-axtra3d","7":"product_cat-cleaning_carbon","8":"entry","9":"has-media","11":"first","12":"instock","13":"shipping-taxable","14":"product-type-simple","15":"col","16":"wpex-woo-entry","17":"span_1_of_2"},"yoast_head":"<!-- This site is optimized with the Yoast SEO plugin v25.2 - https:\/\/yoast.com\/wordpress\/plugins\/seo\/ -->\n<title>Smart Part Washer - Impresi\u00f3n 3D Maquinser<\/title>\n<meta name=\"robots\" content=\"index, follow, max-snippet:-1, max-image-preview:large, max-video-preview:-1\" \/>\n<link rel=\"canonical\" href=\"https:\/\/www.3dmaquinser.com\/en\/productos\/smart-part-washer\/\" \/>\n<meta property=\"og:locale\" content=\"en_US\" \/>\n<meta property=\"og:type\" content=\"article\" \/>\n<meta property=\"og:title\" content=\"Smart Part Washer - Impresi\u00f3n 3D Maquinser\" \/>\n<meta property=\"og:description\" content=\"Reduce labor costs and increase throughput\" \/>\n<meta property=\"og:url\" content=\"https:\/\/www.3dmaquinser.com\/en\/productos\/smart-part-washer\/\" \/>\n<meta property=\"og:site_name\" content=\"Impresi\u00f3n 3D Maquinser\" \/>\n<meta property=\"article:modified_time\" content=\"2021-09-27T15:02:15+00:00\" \/>\n<meta property=\"og:image\" content=\"https:\/\/www.3dmaquinser.com\/wp-content\/uploads\/2021\/09\/smart_wash_product.jpg\" \/>\n\t<meta property=\"og:image:width\" content=\"981\" \/>\n\t<meta property=\"og:image:height\" content=\"606\" \/>\n\t<meta property=\"og:image:type\" content=\"image\/jpeg\" \/>\n<meta name=\"twitter:card\" content=\"summary_large_image\" \/>\n<meta name=\"twitter:label1\" content=\"Est. reading time\" \/>\n\t<meta name=\"twitter:data1\" content=\"1 minute\" \/>\n<script type=\"application\/ld+json\" class=\"yoast-schema-graph\">{\"@context\":\"https:\/\/schema.org\",\"@graph\":[{\"@type\":\"WebPage\",\"@id\":\"https:\/\/www.3dmaquinser.com\/en\/productos\/smart-part-washer\/\",\"url\":\"https:\/\/www.3dmaquinser.com\/en\/productos\/smart-part-washer\/\",\"name\":\"Smart Part Washer - Impresi\u00f3n 3D Maquinser\",\"isPartOf\":{\"@id\":\"https:\/\/www.3dmaquinser.com\/#website\"},\"primaryImageOfPage\":{\"@id\":\"https:\/\/www.3dmaquinser.com\/en\/productos\/smart-part-washer\/#primaryimage\"},\"image\":{\"@id\":\"https:\/\/www.3dmaquinser.com\/en\/productos\/smart-part-washer\/#primaryimage\"},\"thumbnailUrl\":\"https:\/\/www.3dmaquinser.com\/wp-content\/uploads\/2021\/09\/smart_wash_product.jpg\",\"datePublished\":\"2021-09-06T14:25:33+00:00\",\"dateModified\":\"2021-09-27T15:02:15+00:00\",\"breadcrumb\":{\"@id\":\"https:\/\/www.3dmaquinser.com\/en\/productos\/smart-part-washer\/#breadcrumb\"},\"inLanguage\":\"en-US\",\"potentialAction\":[{\"@type\":\"ReadAction\",\"target\":[\"https:\/\/www.3dmaquinser.com\/en\/productos\/smart-part-washer\/\"]}]},{\"@type\":\"ImageObject\",\"inLanguage\":\"en-US\",\"@id\":\"https:\/\/www.3dmaquinser.com\/en\/productos\/smart-part-washer\/#primaryimage\",\"url\":\"https:\/\/www.3dmaquinser.com\/wp-content\/uploads\/2021\/09\/smart_wash_product.jpg\",\"contentUrl\":\"https:\/\/www.3dmaquinser.com\/wp-content\/uploads\/2021\/09\/smart_wash_product.jpg\",\"width\":981,\"height\":606},{\"@type\":\"BreadcrumbList\",\"@id\":\"https:\/\/www.3dmaquinser.com\/en\/productos\/smart-part-washer\/#breadcrumb\",\"itemListElement\":[{\"@type\":\"ListItem\",\"position\":1,\"name\":\"Portada\",\"item\":\"https:\/\/www.3dmaquinser.com\/en\/\"},{\"@type\":\"ListItem\",\"position\":2,\"name\":\"Tienda\",\"item\":\"https:\/\/www.3dmaquinser.com\/tienda\/\"},{\"@type\":\"ListItem\",\"position\":3,\"name\":\"Smart Part Washer\"}]},{\"@type\":\"WebSite\",\"@id\":\"https:\/\/www.3dmaquinser.com\/#website\",\"url\":\"https:\/\/www.3dmaquinser.com\/\",\"name\":\"Impresi\u00f3n 3D Maquinser\",\"description\":\"Especialistas en Impresi\u00f3n 3D y procesos de Fabricaci\u00f3n aditiva\",\"publisher\":{\"@id\":\"https:\/\/www.3dmaquinser.com\/#organization\"},\"potentialAction\":[{\"@type\":\"SearchAction\",\"target\":{\"@type\":\"EntryPoint\",\"urlTemplate\":\"https:\/\/www.3dmaquinser.com\/?s={search_term_string}\"},\"query-input\":{\"@type\":\"PropertyValueSpecification\",\"valueRequired\":true,\"valueName\":\"search_term_string\"}}],\"inLanguage\":\"en-US\"},{\"@type\":\"Organization\",\"@id\":\"https:\/\/www.3dmaquinser.com\/#organization\",\"name\":\"Impresi\u00f3n 3D Maquinser\",\"url\":\"https:\/\/www.3dmaquinser.com\/\",\"logo\":{\"@type\":\"ImageObject\",\"inLanguage\":\"en-US\",\"@id\":\"https:\/\/www.3dmaquinser.com\/#\/schema\/logo\/image\/\",\"url\":\"https:\/\/www.3dmaquinser.com\/wp-content\/uploads\/2020\/04\/LOGO-3D-Maquinser.png\",\"contentUrl\":\"https:\/\/www.3dmaquinser.com\/wp-content\/uploads\/2020\/04\/LOGO-3D-Maquinser.png\",\"width\":563,\"height\":110,\"caption\":\"Impresi\u00f3n 3D Maquinser\"},\"image\":{\"@id\":\"https:\/\/www.3dmaquinser.com\/#\/schema\/logo\/image\/\"}}]}<\/script>\n<!-- \/ Yoast SEO plugin. -->","yoast_head_json":{"title":"Smart Part Washer - Impresi\u00f3n 3D Maquinser","robots":{"index":"index","follow":"follow","max-snippet":"max-snippet:-1","max-image-preview":"max-image-preview:large","max-video-preview":"max-video-preview:-1"},"canonical":"https:\/\/www.3dmaquinser.com\/en\/productos\/smart-part-washer\/","og_locale":"en_US","og_type":"article","og_title":"Smart Part Washer - Impresi\u00f3n 3D Maquinser","og_description":"Reduce labor costs and increase throughput","og_url":"https:\/\/www.3dmaquinser.com\/en\/productos\/smart-part-washer\/","og_site_name":"Impresi\u00f3n 3D Maquinser","article_modified_time":"2021-09-27T15:02:15+00:00","og_image":[{"width":981,"height":606,"url":"https:\/\/www.3dmaquinser.com\/wp-content\/uploads\/2021\/09\/smart_wash_product.jpg","type":"image\/jpeg"}],"twitter_card":"summary_large_image","twitter_misc":{"Est. reading time":"1 minute"},"schema":{"@context":"https:\/\/schema.org","@graph":[{"@type":"WebPage","@id":"https:\/\/www.3dmaquinser.com\/en\/productos\/smart-part-washer\/","url":"https:\/\/www.3dmaquinser.com\/en\/productos\/smart-part-washer\/","name":"Smart Part Washer - Impresi\u00f3n 3D Maquinser","isPartOf":{"@id":"https:\/\/www.3dmaquinser.com\/#website"},"primaryImageOfPage":{"@id":"https:\/\/www.3dmaquinser.com\/en\/productos\/smart-part-washer\/#primaryimage"},"image":{"@id":"https:\/\/www.3dmaquinser.com\/en\/productos\/smart-part-washer\/#primaryimage"},"thumbnailUrl":"https:\/\/www.3dmaquinser.com\/wp-content\/uploads\/2021\/09\/smart_wash_product.jpg","datePublished":"2021-09-06T14:25:33+00:00","dateModified":"2021-09-27T15:02:15+00:00","breadcrumb":{"@id":"https:\/\/www.3dmaquinser.com\/en\/productos\/smart-part-washer\/#breadcrumb"},"inLanguage":"en-US","potentialAction":[{"@type":"ReadAction","target":["https:\/\/www.3dmaquinser.com\/en\/productos\/smart-part-washer\/"]}]},{"@type":"ImageObject","inLanguage":"en-US","@id":"https:\/\/www.3dmaquinser.com\/en\/productos\/smart-part-washer\/#primaryimage","url":"https:\/\/www.3dmaquinser.com\/wp-content\/uploads\/2021\/09\/smart_wash_product.jpg","contentUrl":"https:\/\/www.3dmaquinser.com\/wp-content\/uploads\/2021\/09\/smart_wash_product.jpg","width":981,"height":606},{"@type":"BreadcrumbList","@id":"https:\/\/www.3dmaquinser.com\/en\/productos\/smart-part-washer\/#breadcrumb","itemListElement":[{"@type":"ListItem","position":1,"name":"Portada","item":"https:\/\/www.3dmaquinser.com\/en\/"},{"@type":"ListItem","position":2,"name":"Tienda","item":"https:\/\/www.3dmaquinser.com\/tienda\/"},{"@type":"ListItem","position":3,"name":"Smart Part Washer"}]},{"@type":"WebSite","@id":"https:\/\/www.3dmaquinser.com\/#website","url":"https:\/\/www.3dmaquinser.com\/","name":"Impresi\u00f3n 3D Maquinser","description":"Especialistas en Impresi\u00f3n 3D y procesos de Fabricaci\u00f3n aditiva","publisher":{"@id":"https:\/\/www.3dmaquinser.com\/#organization"},"potentialAction":[{"@type":"SearchAction","target":{"@type":"EntryPoint","urlTemplate":"https:\/\/www.3dmaquinser.com\/?s={search_term_string}"},"query-input":{"@type":"PropertyValueSpecification","valueRequired":true,"valueName":"search_term_string"}}],"inLanguage":"en-US"},{"@type":"Organization","@id":"https:\/\/www.3dmaquinser.com\/#organization","name":"Impresi\u00f3n 3D Maquinser","url":"https:\/\/www.3dmaquinser.com\/","logo":{"@type":"ImageObject","inLanguage":"en-US","@id":"https:\/\/www.3dmaquinser.com\/#\/schema\/logo\/image\/","url":"https:\/\/www.3dmaquinser.com\/wp-content\/uploads\/2020\/04\/LOGO-3D-Maquinser.png","contentUrl":"https:\/\/www.3dmaquinser.com\/wp-content\/uploads\/2020\/04\/LOGO-3D-Maquinser.png","width":563,"height":110,"caption":"Impresi\u00f3n 3D Maquinser"},"image":{"@id":"https:\/\/www.3dmaquinser.com\/#\/schema\/logo\/image\/"}}]}},"brands":[{"id":233,"name":"Axtra3D","slug":"axtra3d"}],"_links":{"self":[{"href":"https:\/\/www.3dmaquinser.com\/en\/wp-json\/wp\/v2\/product\/7437","targetHints":{"allow":["GET"]}}],"collection":[{"href":"https:\/\/www.3dmaquinser.com\/en\/wp-json\/wp\/v2\/product"}],"about":[{"href":"https:\/\/www.3dmaquinser.com\/en\/wp-json\/wp\/v2\/types\/product"}],"replies":[{"embeddable":true,"href":"https:\/\/www.3dmaquinser.com\/en\/wp-json\/wp\/v2\/comments?post=7437"}],"wp:featuredmedia":[{"embeddable":true,"href":"https:\/\/www.3dmaquinser.com\/en\/wp-json\/wp\/v2\/media\/7439"}],"wp:attachment":[{"href":"https:\/\/www.3dmaquinser.com\/en\/wp-json\/wp\/v2\/media?parent=7437"}],"wp:term":[{"taxonomy":"pwb-brand","embeddable":true,"href":"https:\/\/www.3dmaquinser.com\/en\/wp-json\/wp\/v2\/pwb-brand?post=7437"},{"taxonomy":"product_brand","embeddable":true,"href":"https:\/\/www.3dmaquinser.com\/en\/wp-json\/wp\/v2\/product_brand?post=7437"},{"taxonomy":"product_cat","embeddable":true,"href":"https:\/\/www.3dmaquinser.com\/en\/wp-json\/wp\/v2\/product_cat?post=7437"},{"taxonomy":"product_tag","embeddable":true,"href":"https:\/\/www.3dmaquinser.com\/en\/wp-json\/wp\/v2\/product_tag?post=7437"}],"curies":[{"name":"wp","href":"https:\/\/api.w.org\/{rel}","templated":true}]}}