{"id":6905,"date":"2020-01-11T17:03:15","date_gmt":"2020-01-10T17:13:15","guid":{"rendered":"http:\/\/www.3dmaquinser.com\/productos\/vaporfuse-surfacing-dyemansion-powerfuse-s\/"},"modified":"2021-10-25T11:28:44","modified_gmt":"2021-10-25T11:28:44","slug":"vaporfuse-surfacing-dyemansion-powerfuse-s","status":"publish","type":"product","link":"https:\/\/www.3dmaquinser.com\/en\/productos\/vaporfuse-surfacing-dyemansion-powerfuse-s\/","title":{"rendered":"<b style=\"color:#0082CA\";>VAPORFUSE SURFACING<\/b><br>DyeMansion Powerfuse S"},"content":{"rendered":"[vc_row bg_style=&#8221;stretch&#8221; css=&#8221;.vc_custom_1489898598244{margin-bottom: 10px !important;}&#8221;][vc_column]<div class=\"vcex-spacing\" style=\"height:15px\"><\/div>[vc_column_text text_align=&#8221;center&#8221; width=&#8221;630px&#8221; font_size=&#8221;14px&#8221;][\/vc_column_text][\/vc_column][\/vc_row][vc_row full_width=&#8221;stretch_row&#8221; bg_style=&#8221;repeat&#8221; css=&#8221;.vc_custom_1591176042333{border-top-width: 1px !important;border-right-width: 0px !important;border-bottom-width: 1px !important;border-left-width: 0px !important;padding-top: 45px !important;padding-bottom: 30px !important;background-color: #f7f7f7 !important;border-left-style: solid !important;border-right-style: solid !important;border-top-style: solid !important;border-bottom-style: solid !important;}&#8221;][vc_column]<div class=\"vcex-module vcex-heading vcex-heading-plain\" style=\"font-size:32px;font-weight:400;text-align:center;\"><span class=\"vcex-heading-inner clr\">VAPORFUSE SURFACING<br \/>\nDyeMansion Powerfuse S<\/span><\/div><div class=\"vcex-spacing\" style=\"height:15px\"><\/div>[vc_video link=&#8221;https:\/\/youtu.be\/0Sqd1lyrzQQ&#8221;]<div class=\"vcex-spacing\" style=\"height:40px\"><\/div>[\/vc_column][\/vc_row][vc_row][vc_column][\/vc_column][\/vc_row][vc_row][vc_column]<div class=\"vcex-module vcex-heading vcex-heading-plain\" style=\"font-size:32px;font-weight:400;text-align:center;\"><span class=\"vcex-heading-inner clr\">More information?<\/span><\/div><div class=\"vcex-spacing\" style=\"height:40px\"><\/div>\n<div class=\"wpcf7 no-js\" id=\"wpcf7-f1335-o1\" lang=\"en-US\" dir=\"ltr\" data-wpcf7-id=\"1335\">\n<div class=\"screen-reader-response\"><p role=\"status\" aria-live=\"polite\" aria-atomic=\"true\"><\/p> <ul><\/ul><\/div>\n<form action=\"\/en\/wp-json\/wp\/v2\/product\/6905#wpcf7-f1335-o1\" method=\"post\" class=\"wpcf7-form init\" aria-label=\"Contact form\" novalidate=\"novalidate\" data-status=\"init\">\n<div style=\"display: none;\">\n<input type=\"hidden\" name=\"_wpcf7\" value=\"1335\" \/>\n<input type=\"hidden\" name=\"_wpcf7_version\" value=\"6.0.6\" \/>\n<input type=\"hidden\" name=\"_wpcf7_locale\" value=\"en_US\" \/>\n<input type=\"hidden\" name=\"_wpcf7_unit_tag\" value=\"wpcf7-f1335-o1\" \/>\n<input type=\"hidden\" name=\"_wpcf7_container_post\" value=\"0\" \/>\n<input type=\"hidden\" name=\"_wpcf7_posted_data_hash\" value=\"\" \/>\n<\/div>\n<div class=\"vc_row wpb_row vc_row-fluid  \">\n\t<div class=\"vc_col-sm-5 wpb_column clr column_container  \">\n\t\t<p>Name *<br \/>\n<span class=\"wpcf7-form-control-wrap\" data-name=\"Nombre\"><input size=\"40\" maxlength=\"400\" class=\"wpcf7-form-control wpcf7-text wpcf7-validates-as-required\" aria-required=\"true\" aria-invalid=\"false\" value=\"\" type=\"text\" name=\"Nombre\" \/><\/span>\n\t\t<\/p>\n\t\t<p>Surname *<br \/>\n<span class=\"wpcf7-form-control-wrap\" data-name=\"Apellidos\"><input size=\"40\" maxlength=\"400\" class=\"wpcf7-form-control wpcf7-text wpcf7-validates-as-required\" aria-required=\"true\" aria-invalid=\"false\" value=\"\" type=\"text\" name=\"Apellidos\" \/><\/span>\n\t\t<\/p>\n\t\t<p>Company *<br \/>\n<span class=\"wpcf7-form-control-wrap\" data-name=\"empresa\"><input size=\"40\" maxlength=\"400\" class=\"wpcf7-form-control wpcf7-text wpcf7-validates-as-required\" aria-required=\"true\" aria-invalid=\"false\" value=\"\" type=\"text\" name=\"empresa\" \/><\/span>\n\t\t<\/p>\n\t\t<p>City *<br \/>\n<span class=\"wpcf7-form-control-wrap\" data-name=\"Ciudad\"><input size=\"40\" maxlength=\"400\" class=\"wpcf7-form-control wpcf7-text wpcf7-validates-as-required\" aria-required=\"true\" aria-invalid=\"false\" value=\"\" type=\"text\" name=\"Ciudad\" \/><\/span>\n\t\t<\/p>\n\t\t<p>Phone *<br \/>\n<span class=\"wpcf7-form-control-wrap\" data-name=\"telefono\"><input size=\"40\" maxlength=\"400\" class=\"wpcf7-form-control wpcf7-tel wpcf7-validates-as-required wpcf7-text wpcf7-validates-as-tel\" aria-required=\"true\" aria-invalid=\"false\" value=\"\" type=\"tel\" name=\"telefono\" \/><\/span>\n\t\t<\/p>\n\t\t<p>E-mail *<br \/>\n<span class=\"wpcf7-form-control-wrap\" data-name=\"your-email\"><input size=\"40\" maxlength=\"400\" class=\"wpcf7-form-control wpcf7-email wpcf7-validates-as-required wpcf7-text wpcf7-validates-as-email\" aria-required=\"true\" aria-invalid=\"false\" value=\"\" type=\"email\" name=\"your-email\" \/><\/span>\n\t\t<\/p>\n\t\t<p>Web<br \/>\n<span class=\"wpcf7-form-control-wrap\" data-name=\"url-45\"><input size=\"40\" maxlength=\"400\" class=\"wpcf7-form-control wpcf7-url wpcf7-text wpcf7-validates-as-url\" aria-invalid=\"false\" value=\"\" type=\"url\" name=\"url-45\" \/><\/span>\n\t\t<\/p>\n\t<\/div>\n\t<div class=\"vc_col-sm-5 wpb_column clr column_container  \">\n\t\t<p>Message<br \/>\n<span class=\"wpcf7-form-control-wrap\" data-name=\"your-message\"><textarea cols=\"40\" rows=\"10\" maxlength=\"2000\" class=\"wpcf7-form-control wpcf7-textarea\" aria-invalid=\"false\" name=\"your-message\"><\/textarea><\/span>\n\t\t<\/p>\n\t\t<p style=\"font-size:9px;\">* The marked fields are required\n\t\t<\/p>\n\t\t<p>I have read and accept the <a href=\"\/aviso-legal\/\">legal warning<\/a> and the <a href=\"\/politica-de-privacidad\/\">Privacy Policy<\/a><span class=\"wpcf7-form-control-wrap\" data-name=\"acceptance-249\"><span class=\"wpcf7-form-control wpcf7-acceptance\"><span class=\"wpcf7-list-item\"><input type=\"checkbox\" name=\"acceptance-249\" value=\"1\" aria-invalid=\"false\" \/><\/span><\/span><\/span>\n\t\t<\/p>\n\t\t<p>I give my consent to MAQUINSER, S.A. for sending commercial news and \/ or new promotions of its products and services.<span class=\"wpcf7-form-control-wrap\" data-name=\"acceptance-249\"><span class=\"wpcf7-form-control wpcf7-acceptance\"><span class=\"wpcf7-list-item\"><input type=\"checkbox\" name=\"acceptance-249\" value=\"1\" aria-invalid=\"false\" \/><\/span><\/span><\/span>\n\t\t<\/p>\n\t\t<p style=\"font-size:9px;\">To send the mail it is necessary to mark the two boxes\n\t\t<\/p>\n\t\t<p><input class=\"wpcf7-form-control wpcf7-submit has-spinner\" type=\"submit\" value=\"Send\" \/>\n\t\t<\/p>\n\t<\/div>\n<\/div>\n<div class=\"wpcf7-response-output\" aria-hidden=\"true\"><\/div>\n<\/form>\n<\/div>\n[\/vc_column][\/vc_row]\n","protected":false},"excerpt":{"rendered":"<p><strong>COMPLIANCE WITH ALL INDUSTRY HEALTH AND SAFETY STANDARDS<\/strong><\/p>\n<p>The solvent VaporFuse Eco Fluid is approved for the processing of food contact plastics in accordance with regulation (EU) 10\/2011. The solvent circulates continuously in a closed circuit and is automatically recovered by the system. This allows a sustainable contact-free process without chemical residues. The operation of the Powerfuse S does not require protective equipment (PPE) against chemical risks.<\/p>\n<p><strong>SEALED INJECTION-MOULDING AS A SURFACE THROUGH ALL GEOMETRIES<\/strong><\/p>\n<p>VaporFuse Surfacing (VFS) offers sealed and washable parts with injection molding surfaces. The surface roughness is reduced to a minimum. The entire process chamber is flooded with steam while under vacuum. This ensures reproducible processing of complex geometries and internal surfaces. VFS works for all common plastics and particularly for flexible polymers such as TPU, for which mechanical techniques are not suitable.<\/p>\n<p><strong>READY FOR THE FUTURE OF MANUFACTURING<\/strong><\/p>\n<p>The Powerfuse S is ready for Industry 4.0. The system offers fully automatic loading, connectivity and batch tracking functions. Validated and specially developed programs for all common materials are available and ready to use. In addition, all process parameters can be individually adapted for other materials. This ensures flexibility and perfect integration with existing production processes, such as the DyeMansion print-to-product workflow.<\/p>\n","protected":false},"featured_media":6080,"comment_status":"closed","ping_status":"closed","template":"","meta":[],"pwb-brand":[66],"product_brand":[],"product_cat":[252,260],"product_tag":[],"class_list":{"0":"post-6905","1":"product","2":"type-product","3":"status-publish","4":"has-post-thumbnail","6":"pwb-brand-dyemansion","7":"product_cat-plastic-post-production","8":"product_cat-superficial","9":"entry","10":"has-media","12":"first","13":"instock","14":"shipping-taxable","15":"product-type-simple","16":"col","17":"wpex-woo-entry","18":"span_1_of_2"},"yoast_head":"<!-- This site is optimized with the Yoast SEO plugin v25.2 - https:\/\/yoast.com\/wordpress\/plugins\/seo\/ -->\n<title>DyeMansion Powerfuse S - Impresi\u00f3n 3D Maquinser<\/title>\n<meta name=\"description\" content=\"VaporFuse Surfacing (VFS) ofrece piezas selladas y lavables con superficies de moldeo por inyecci\u00f3n. La rugosidad de la superficie se reduce al m\u00ednimo.\" \/>\n<meta name=\"robots\" content=\"index, follow, max-snippet:-1, max-image-preview:large, max-video-preview:-1\" \/>\n<link rel=\"canonical\" href=\"https:\/\/www.3dmaquinser.com\/en\/productos\/vaporfuse-surfacing-dyemansion-powerfuse-s\/\" \/>\n<meta property=\"og:locale\" content=\"en_US\" \/>\n<meta property=\"og:type\" content=\"article\" \/>\n<meta property=\"og:title\" content=\"DyeMansion Powerfuse S - Impresi\u00f3n 3D Maquinser\" \/>\n<meta property=\"og:description\" content=\"VaporFuse Surfacing (VFS) ofrece piezas selladas y lavables con superficies de moldeo por inyecci\u00f3n. La rugosidad de la superficie se reduce al m\u00ednimo.\" \/>\n<meta property=\"og:url\" content=\"https:\/\/www.3dmaquinser.com\/en\/productos\/vaporfuse-surfacing-dyemansion-powerfuse-s\/\" \/>\n<meta property=\"og:site_name\" content=\"Impresi\u00f3n 3D Maquinser\" \/>\n<meta property=\"article:modified_time\" content=\"2021-10-25T11:28:44+00:00\" \/>\n<meta property=\"og:image\" content=\"https:\/\/www.3dmaquinser.com\/wp-content\/uploads\/2020\/01\/VAPORFUSE-SURFACING-DyeMansion-PowerFuse-S_3dmaquinser_automatic_loading-2.jpg\" \/>\n\t<meta property=\"og:image:width\" content=\"981\" \/>\n\t<meta property=\"og:image:height\" content=\"606\" \/>\n\t<meta property=\"og:image:type\" content=\"image\/jpeg\" \/>\n<meta name=\"twitter:card\" content=\"summary_large_image\" \/>\n<meta name=\"twitter:label1\" content=\"Est. reading time\" \/>\n\t<meta name=\"twitter:data1\" content=\"1 minute\" \/>\n<script type=\"application\/ld+json\" class=\"yoast-schema-graph\">{\"@context\":\"https:\/\/schema.org\",\"@graph\":[{\"@type\":\"WebPage\",\"@id\":\"https:\/\/www.3dmaquinser.com\/en\/productos\/vaporfuse-surfacing-dyemansion-powerfuse-s\/\",\"url\":\"https:\/\/www.3dmaquinser.com\/en\/productos\/vaporfuse-surfacing-dyemansion-powerfuse-s\/\",\"name\":\"DyeMansion Powerfuse S - Impresi\u00f3n 3D Maquinser\",\"isPartOf\":{\"@id\":\"http:\/\/www.3dmaquinser.com\/en\/#website\"},\"primaryImageOfPage\":{\"@id\":\"https:\/\/www.3dmaquinser.com\/en\/productos\/vaporfuse-surfacing-dyemansion-powerfuse-s\/#primaryimage\"},\"image\":{\"@id\":\"https:\/\/www.3dmaquinser.com\/en\/productos\/vaporfuse-surfacing-dyemansion-powerfuse-s\/#primaryimage\"},\"thumbnailUrl\":\"https:\/\/www.3dmaquinser.com\/wp-content\/uploads\/2020\/01\/VAPORFUSE-SURFACING-DyeMansion-PowerFuse-S_3dmaquinser_automatic_loading-2.jpg\",\"datePublished\":\"2020-01-10T17:13:15+00:00\",\"dateModified\":\"2021-10-25T11:28:44+00:00\",\"description\":\"VaporFuse Surfacing (VFS) ofrece piezas selladas y lavables con superficies de moldeo por inyecci\u00f3n. La rugosidad de la superficie se reduce al m\u00ednimo.\",\"breadcrumb\":{\"@id\":\"https:\/\/www.3dmaquinser.com\/en\/productos\/vaporfuse-surfacing-dyemansion-powerfuse-s\/#breadcrumb\"},\"inLanguage\":\"en-US\",\"potentialAction\":[{\"@type\":\"ReadAction\",\"target\":[\"https:\/\/www.3dmaquinser.com\/en\/productos\/vaporfuse-surfacing-dyemansion-powerfuse-s\/\"]}]},{\"@type\":\"ImageObject\",\"inLanguage\":\"en-US\",\"@id\":\"https:\/\/www.3dmaquinser.com\/en\/productos\/vaporfuse-surfacing-dyemansion-powerfuse-s\/#primaryimage\",\"url\":\"https:\/\/www.3dmaquinser.com\/wp-content\/uploads\/2020\/01\/VAPORFUSE-SURFACING-DyeMansion-PowerFuse-S_3dmaquinser_automatic_loading-2.jpg\",\"contentUrl\":\"https:\/\/www.3dmaquinser.com\/wp-content\/uploads\/2020\/01\/VAPORFUSE-SURFACING-DyeMansion-PowerFuse-S_3dmaquinser_automatic_loading-2.jpg\",\"width\":981,\"height\":606},{\"@type\":\"BreadcrumbList\",\"@id\":\"https:\/\/www.3dmaquinser.com\/en\/productos\/vaporfuse-surfacing-dyemansion-powerfuse-s\/#breadcrumb\",\"itemListElement\":[{\"@type\":\"ListItem\",\"position\":1,\"name\":\"Portada\",\"item\":\"http:\/\/www.3dmaquinser.com\/en\/\"},{\"@type\":\"ListItem\",\"position\":2,\"name\":\"Tienda\",\"item\":\"http:\/\/www.3dmaquinser.com\/tienda\/\"},{\"@type\":\"ListItem\",\"position\":3,\"name\":\"VAPORFUSE SURFACINGDyeMansion Powerfuse S\"}]},{\"@type\":\"WebSite\",\"@id\":\"http:\/\/www.3dmaquinser.com\/en\/#website\",\"url\":\"http:\/\/www.3dmaquinser.com\/en\/\",\"name\":\"Impresi\u00f3n 3D Maquinser\",\"description\":\"Especialistas en Impresi\u00f3n 3D y procesos de Fabricaci\u00f3n aditiva\",\"publisher\":{\"@id\":\"http:\/\/www.3dmaquinser.com\/en\/#organization\"},\"potentialAction\":[{\"@type\":\"SearchAction\",\"target\":{\"@type\":\"EntryPoint\",\"urlTemplate\":\"http:\/\/www.3dmaquinser.com\/en\/?s={search_term_string}\"},\"query-input\":{\"@type\":\"PropertyValueSpecification\",\"valueRequired\":true,\"valueName\":\"search_term_string\"}}],\"inLanguage\":\"en-US\"},{\"@type\":\"Organization\",\"@id\":\"http:\/\/www.3dmaquinser.com\/en\/#organization\",\"name\":\"Impresi\u00f3n 3D Maquinser\",\"url\":\"http:\/\/www.3dmaquinser.com\/en\/\",\"logo\":{\"@type\":\"ImageObject\",\"inLanguage\":\"en-US\",\"@id\":\"http:\/\/www.3dmaquinser.com\/en\/#\/schema\/logo\/image\/\",\"url\":\"https:\/\/www.3dmaquinser.com\/wp-content\/uploads\/2020\/04\/LOGO-3D-Maquinser.png\",\"contentUrl\":\"https:\/\/www.3dmaquinser.com\/wp-content\/uploads\/2020\/04\/LOGO-3D-Maquinser.png\",\"width\":563,\"height\":110,\"caption\":\"Impresi\u00f3n 3D Maquinser\"},\"image\":{\"@id\":\"http:\/\/www.3dmaquinser.com\/en\/#\/schema\/logo\/image\/\"}}]}<\/script>\n<!-- \/ Yoast SEO plugin. -->","yoast_head_json":{"title":"DyeMansion Powerfuse S - Impresi\u00f3n 3D Maquinser","description":"VaporFuse Surfacing (VFS) ofrece piezas selladas y lavables con superficies de moldeo por inyecci\u00f3n. La rugosidad de la superficie se reduce al m\u00ednimo.","robots":{"index":"index","follow":"follow","max-snippet":"max-snippet:-1","max-image-preview":"max-image-preview:large","max-video-preview":"max-video-preview:-1"},"canonical":"https:\/\/www.3dmaquinser.com\/en\/productos\/vaporfuse-surfacing-dyemansion-powerfuse-s\/","og_locale":"en_US","og_type":"article","og_title":"DyeMansion Powerfuse S - Impresi\u00f3n 3D Maquinser","og_description":"VaporFuse Surfacing (VFS) ofrece piezas selladas y lavables con superficies de moldeo por inyecci\u00f3n. La rugosidad de la superficie se reduce al m\u00ednimo.","og_url":"https:\/\/www.3dmaquinser.com\/en\/productos\/vaporfuse-surfacing-dyemansion-powerfuse-s\/","og_site_name":"Impresi\u00f3n 3D Maquinser","article_modified_time":"2021-10-25T11:28:44+00:00","og_image":[{"width":981,"height":606,"url":"https:\/\/www.3dmaquinser.com\/wp-content\/uploads\/2020\/01\/VAPORFUSE-SURFACING-DyeMansion-PowerFuse-S_3dmaquinser_automatic_loading-2.jpg","type":"image\/jpeg"}],"twitter_card":"summary_large_image","twitter_misc":{"Est. reading time":"1 minute"},"schema":{"@context":"https:\/\/schema.org","@graph":[{"@type":"WebPage","@id":"https:\/\/www.3dmaquinser.com\/en\/productos\/vaporfuse-surfacing-dyemansion-powerfuse-s\/","url":"https:\/\/www.3dmaquinser.com\/en\/productos\/vaporfuse-surfacing-dyemansion-powerfuse-s\/","name":"DyeMansion Powerfuse S - Impresi\u00f3n 3D Maquinser","isPartOf":{"@id":"http:\/\/www.3dmaquinser.com\/en\/#website"},"primaryImageOfPage":{"@id":"https:\/\/www.3dmaquinser.com\/en\/productos\/vaporfuse-surfacing-dyemansion-powerfuse-s\/#primaryimage"},"image":{"@id":"https:\/\/www.3dmaquinser.com\/en\/productos\/vaporfuse-surfacing-dyemansion-powerfuse-s\/#primaryimage"},"thumbnailUrl":"https:\/\/www.3dmaquinser.com\/wp-content\/uploads\/2020\/01\/VAPORFUSE-SURFACING-DyeMansion-PowerFuse-S_3dmaquinser_automatic_loading-2.jpg","datePublished":"2020-01-10T17:13:15+00:00","dateModified":"2021-10-25T11:28:44+00:00","description":"VaporFuse Surfacing (VFS) ofrece piezas selladas y lavables con superficies de moldeo por inyecci\u00f3n. La rugosidad de la superficie se reduce al m\u00ednimo.","breadcrumb":{"@id":"https:\/\/www.3dmaquinser.com\/en\/productos\/vaporfuse-surfacing-dyemansion-powerfuse-s\/#breadcrumb"},"inLanguage":"en-US","potentialAction":[{"@type":"ReadAction","target":["https:\/\/www.3dmaquinser.com\/en\/productos\/vaporfuse-surfacing-dyemansion-powerfuse-s\/"]}]},{"@type":"ImageObject","inLanguage":"en-US","@id":"https:\/\/www.3dmaquinser.com\/en\/productos\/vaporfuse-surfacing-dyemansion-powerfuse-s\/#primaryimage","url":"https:\/\/www.3dmaquinser.com\/wp-content\/uploads\/2020\/01\/VAPORFUSE-SURFACING-DyeMansion-PowerFuse-S_3dmaquinser_automatic_loading-2.jpg","contentUrl":"https:\/\/www.3dmaquinser.com\/wp-content\/uploads\/2020\/01\/VAPORFUSE-SURFACING-DyeMansion-PowerFuse-S_3dmaquinser_automatic_loading-2.jpg","width":981,"height":606},{"@type":"BreadcrumbList","@id":"https:\/\/www.3dmaquinser.com\/en\/productos\/vaporfuse-surfacing-dyemansion-powerfuse-s\/#breadcrumb","itemListElement":[{"@type":"ListItem","position":1,"name":"Portada","item":"http:\/\/www.3dmaquinser.com\/en\/"},{"@type":"ListItem","position":2,"name":"Tienda","item":"http:\/\/www.3dmaquinser.com\/tienda\/"},{"@type":"ListItem","position":3,"name":"VAPORFUSE SURFACINGDyeMansion Powerfuse S"}]},{"@type":"WebSite","@id":"http:\/\/www.3dmaquinser.com\/en\/#website","url":"http:\/\/www.3dmaquinser.com\/en\/","name":"Impresi\u00f3n 3D Maquinser","description":"Especialistas en Impresi\u00f3n 3D y procesos de Fabricaci\u00f3n aditiva","publisher":{"@id":"http:\/\/www.3dmaquinser.com\/en\/#organization"},"potentialAction":[{"@type":"SearchAction","target":{"@type":"EntryPoint","urlTemplate":"http:\/\/www.3dmaquinser.com\/en\/?s={search_term_string}"},"query-input":{"@type":"PropertyValueSpecification","valueRequired":true,"valueName":"search_term_string"}}],"inLanguage":"en-US"},{"@type":"Organization","@id":"http:\/\/www.3dmaquinser.com\/en\/#organization","name":"Impresi\u00f3n 3D Maquinser","url":"http:\/\/www.3dmaquinser.com\/en\/","logo":{"@type":"ImageObject","inLanguage":"en-US","@id":"http:\/\/www.3dmaquinser.com\/en\/#\/schema\/logo\/image\/","url":"https:\/\/www.3dmaquinser.com\/wp-content\/uploads\/2020\/04\/LOGO-3D-Maquinser.png","contentUrl":"https:\/\/www.3dmaquinser.com\/wp-content\/uploads\/2020\/04\/LOGO-3D-Maquinser.png","width":563,"height":110,"caption":"Impresi\u00f3n 3D Maquinser"},"image":{"@id":"http:\/\/www.3dmaquinser.com\/en\/#\/schema\/logo\/image\/"}}]}},"brands":[{"id":66,"name":"DyeMansion","slug":"dyemansion"}],"_links":{"self":[{"href":"https:\/\/www.3dmaquinser.com\/en\/wp-json\/wp\/v2\/product\/6905","targetHints":{"allow":["GET"]}}],"collection":[{"href":"https:\/\/www.3dmaquinser.com\/en\/wp-json\/wp\/v2\/product"}],"about":[{"href":"https:\/\/www.3dmaquinser.com\/en\/wp-json\/wp\/v2\/types\/product"}],"replies":[{"embeddable":true,"href":"https:\/\/www.3dmaquinser.com\/en\/wp-json\/wp\/v2\/comments?post=6905"}],"wp:featuredmedia":[{"embeddable":true,"href":"https:\/\/www.3dmaquinser.com\/en\/wp-json\/wp\/v2\/media\/6080"}],"wp:attachment":[{"href":"https:\/\/www.3dmaquinser.com\/en\/wp-json\/wp\/v2\/media?parent=6905"}],"wp:term":[{"taxonomy":"pwb-brand","embeddable":true,"href":"https:\/\/www.3dmaquinser.com\/en\/wp-json\/wp\/v2\/pwb-brand?post=6905"},{"taxonomy":"product_brand","embeddable":true,"href":"https:\/\/www.3dmaquinser.com\/en\/wp-json\/wp\/v2\/product_brand?post=6905"},{"taxonomy":"product_cat","embeddable":true,"href":"https:\/\/www.3dmaquinser.com\/en\/wp-json\/wp\/v2\/product_cat?post=6905"},{"taxonomy":"product_tag","embeddable":true,"href":"https:\/\/www.3dmaquinser.com\/en\/wp-json\/wp\/v2\/product_tag?post=6905"}],"curies":[{"name":"wp","href":"https:\/\/api.w.org\/{rel}","templated":true}]}}