{"id":8731,"date":"2021-12-13T11:47:09","date_gmt":"2021-12-13T11:47:09","guid":{"rendered":"http:\/\/www.3dmaquinser.com\/?page_id=8731"},"modified":"2021-12-13T13:47:46","modified_gmt":"2021-12-13T13:47:46","slug":"hp3dprinting","status":"publish","type":"page","link":"https:\/\/www.3dmaquinser.com\/en\/hp3dprinting\/","title":{"rendered":"HP 3D Printing"},"content":{"rendered":"[vc_row full_width=&#8221;stretch_row_content_no_spaces&#8221; wpex_bg_overlay=&#8221;custom&#8221; css=&#8221;.vc_custom_1596106520570{background-image: url(http:\/\/www.3dmaquinser.com\/wp-content\/uploads\/2020\/06\/0.jpg?id=5576) !important;background-position: center !important;background-repeat: no-repeat !important;background-size: cover !important;}&#8221; wpex_bg_position=&#8221;middle&#8221; wpex_bg_overlay_color=&#8221;#0a0a0a&#8221; wpex_bg_overlay_opacity=&#8221;0.4&#8243;][vc_column css=&#8221;.vc_custom_1596104139274{margin-bottom: 10px !important;background-position: center !important;background-repeat: no-repeat !important;background-size: cover !important;}&#8221;][vc_empty_space height=&#8221;200px&#8221;][vc_column_text]\n<p style=\"text-align: center;\"><strong><span style=\"color: #ffffff; font-size: 36px;\">HP 3D Printing<\/span><\/strong><\/p>\n[\/vc_column_text][vc_column_text]\n<p style=\"text-align: center;\"><span style=\"color: #ffffff; font-size: 21px;\">Reinventing manufacturing and prototyping<\/span><\/p>\n[\/vc_column_text][vc_empty_space height=&#8221;30px&#8221;]<div class=\"vcex-multi-buttons vcex-clr\" style=\"text-align:center;\"><a href=\"#impresoras\" title=\"Impresoras\" class=\"theme-button outline black local-scroll-link vcex-count-1\" style=\"border-width:1px;margin:0 5px 5px; border-color:#ffffff;color:#ffffff;\" data-wpex-hover=\"{&quot;background&quot;:&quot;#0088ca&quot;}\">Printers<\/a><a href=\"#PA\" title=\"Poliamida\" class=\"theme-button outline black local-scroll-link vcex-count-2\" rel=\"nofollow\" style=\"border-width:1px;margin:0 5px 5px; border-color:#ffffff;color:#ffffff;\" data-wpex-hover=\"{&quot;background&quot;:&quot;#0088ca&quot;}\">polyamide<\/a><a href=\"#tpu\" title=\"Termoplastico\" class=\"theme-button outline black local-scroll-link vcex-count-3\" style=\"border-width:1px;margin:0 5px 5px; border-color:#ffffff;color:#ffffff;\" data-wpex-hover=\"{&quot;background&quot;:&quot;#0088ca&quot;}\">Thermoplastics<\/a><a href=\"#pp\" title=\"Polipropileno\" class=\"theme-button outline black local-scroll-link vcex-count-4\" style=\"border-width:1px;margin:0 5px 5px; border-color:#ffffff;color:#ffffff;\" data-wpex-hover=\"{&quot;background&quot;:&quot;#0088ca&quot;}\">Polypropylene<\/a><\/div>[\/vc_column][\/vc_row][vc_row el_id=&#8221;printers&#8221;][vc_column][vc_empty_space height=&#8221;40px&#8221;][\/vc_column][\/vc_row][vc_row][vc_column]<div class=\"vcex-module vcex-heading vcex-heading-plain  wpb_animate_when_almost_visible wpb_zoomIn zoomIn\" data-wpex-rcss='{&quot;font-size&quot;:{&quot;d&quot;:&quot;36px&quot;,&quot;tl&quot;:&quot;34px&quot;,&quot;tp&quot;:&quot;31px&quot;,&quot;pl&quot;:&quot;24px&quot;,&quot;pp&quot;:&quot;21px&quot;}}' style=\"color:#0082ca;text-align:left;\"><span class=\"vcex-heading-inner clr\"><strong>Printers<\/strong><\/span><\/div>[\/vc_column][\/vc_row][vc_row css_animation=&#8221;fadeIn&#8221;][vc_column]<div class=\"woocommerce columns-5 \">\n<ul class=\"products wpex-row clr\"><li class=\"entry has-media col wpex-woo-entry span_1_of_5 product type-product post-8401 status-publish first instock product_cat-3d-printers product_cat-hp3dprinting-en-2 product_cat-in-stock product_cat-plastic has-post-thumbnail shipping-taxable product-type-simple\">\n\t<div class=\"product-inner clr\"><div class=\"wpex-loop-product-images\"><a href=\"https:\/\/www.3dmaquinser.com\/en\/productos\/3d-hp-jet-fusion-4200\/\" class=\"woocommerce-LoopProduct-link woocommerce-loop-product__link\">\n\t<img loading=\"lazy\" decoding=\"async\" class=\"woo-entry-image-main wp-post-image\" alt=\"3D HP Jet Fusion 4200\" src=\"https:\/\/www.3dmaquinser.com\/wp-content\/uploads\/2016\/09\/HP-4200-series-3dweb-350x216.jpg\" data-no-retina width=\"350\" height=\"216\" \/>\n<\/a>\t\t<div class=\"wpex-loop-product-add-to-cart\"><a href=\"https:\/\/www.3dmaquinser.com\/en\/productos\/3d-hp-jet-fusion-4200\/\" aria-describedby=\"woocommerce_loop_add_to_cart_link_describedby_8401\" data-quantity=\"1\" class=\"button product_type_simple\" data-product_id=\"8401\" data-product_sku=\"\" aria-label=\"Read more about &ldquo;3D HP Jet Fusion 4200&rdquo;\" rel=\"nofollow\" data-success_message=\"\">Read more<\/a>\t<span id=\"woocommerce_loop_add_to_cart_link_describedby_8401\" class=\"screen-reader-text\">\n\t\t\t<\/span>\n<\/div>\n\t<\/div><div class=\"product-details match-height-content\"><a href=\"https:\/\/www.3dmaquinser.com\/en\/productos\/3d-hp-jet-fusion-4200\/\"><h2 class=\"woocommerce-loop-product__title\">3D HP Jet Fusion 4200<\/h2><\/a>\n<\/div><\/div><\/li>\n<li class=\"entry has-media col wpex-woo-entry span_1_of_5 product type-product post-8388 status-publish instock product_cat-3d-printers product_cat-hp3dprinting-en-2 product_cat-in-stock product_cat-plastic has-post-thumbnail shipping-taxable product-type-simple\">\n\t<div class=\"product-inner clr\"><div class=\"wpex-loop-product-images\"><a href=\"https:\/\/www.3dmaquinser.com\/en\/productos\/3d-hp-jet-fusion-5200\/\" class=\"woocommerce-LoopProduct-link woocommerce-loop-product__link\">\n\t<img loading=\"lazy\" decoding=\"async\" class=\"woo-entry-image-main wp-post-image\" alt=\"3D HP Jet Fusion 5200\" src=\"https:\/\/www.3dmaquinser.com\/wp-content\/uploads\/2016\/09\/HP-5200-Series-3dweb-350x216.jpg\" data-no-retina width=\"350\" height=\"216\" \/>\n<\/a>\t\t<div class=\"wpex-loop-product-add-to-cart\"><a href=\"https:\/\/www.3dmaquinser.com\/en\/productos\/3d-hp-jet-fusion-5200\/\" aria-describedby=\"woocommerce_loop_add_to_cart_link_describedby_8388\" data-quantity=\"1\" class=\"button product_type_simple\" data-product_id=\"8388\" data-product_sku=\"\" aria-label=\"Read more about &ldquo;3D HP Jet Fusion 5200&rdquo;\" rel=\"nofollow\" data-success_message=\"\">Read more<\/a>\t<span id=\"woocommerce_loop_add_to_cart_link_describedby_8388\" class=\"screen-reader-text\">\n\t\t\t<\/span>\n<\/div>\n\t<\/div><div class=\"product-details match-height-content\"><a href=\"https:\/\/www.3dmaquinser.com\/en\/productos\/3d-hp-jet-fusion-5200\/\"><h2 class=\"woocommerce-loop-product__title\">3D HP Jet Fusion 5200<\/h2><\/a>\n<\/div><\/div><\/li>\n<\/ul>\n<\/div>[\/vc_column][\/vc_row][vc_row el_id=&#8221;PA&#8221;][vc_column el_id=&#8221;titanio&#8221;][vc_empty_space height=&#8221;40px&#8221;][\/vc_column][\/vc_row][vc_row css_animation=&#8221;fadeIn&#8221;][vc_column css_animation=&#8221;fadeIn&#8221; css=&#8221;.vc_custom_1596020138124{background-position: center !important;background-repeat: no-repeat !important;background-size: cover !important;}&#8221;]<div class=\"vcex-module vcex-heading vcex-heading-plain  wpb_animate_when_almost_visible wpb_zoomIn zoomIn\" data-wpex-rcss='{&quot;font-size&quot;:{&quot;d&quot;:&quot;36px&quot;,&quot;tl&quot;:&quot;34px&quot;,&quot;tp&quot;:&quot;31px&quot;,&quot;pl&quot;:&quot;24px&quot;,&quot;pp&quot;:&quot;21px&quot;}}' style=\"color:#0082ca;text-align:left;\"><span class=\"vcex-heading-inner clr\"><strong>Materials<\/strong><\/span><\/div><div class=\"vcex-module vcex-heading vcex-heading-plain  wpb_animate_when_almost_visible wpb_zoomIn zoomIn\" data-wpex-rcss='{&quot;font-size&quot;:{&quot;d&quot;:&quot;28px&quot;,&quot;tl&quot;:&quot;24px&quot;,&quot;tp&quot;:&quot;21px&quot;,&quot;pl&quot;:&quot;18px&quot;,&quot;pp&quot;:&quot;17px&quot;}}' style=\"color:#0082ca;text-align:left;\"><span class=\"vcex-heading-inner clr\">Poliamida - PA<\/span><\/div>[\/vc_column][\/vc_row][vc_row css_animation=&#8221;fadeIn&#8221;][vc_column css_animation=&#8221;fadeIn&#8221; css=&#8221;.vc_custom_1596020125776{background-position: 0 0 !important;background-repeat: repeat-x !important;}&#8221;]<div class=\"woocommerce columns-5 \">\n<ul class=\"products wpex-row clr\"><li class=\"entry has-media col wpex-woo-entry span_1_of_5 product type-product post-8053 status-publish first instock product_cat-in-stock product_cat-pa-en product_cat-plastic-materials has-post-thumbnail shipping-taxable product-type-simple\">\n\t<div class=\"product-inner clr\"><div class=\"wpex-loop-product-images\"><a href=\"https:\/\/www.3dmaquinser.com\/en\/productos\/hp-3d-high-reusability-material-cb-pa-12\/\" class=\"woocommerce-LoopProduct-link woocommerce-loop-product__link\">\n\t<img loading=\"lazy\" decoding=\"async\" class=\"woo-entry-image-main wp-post-image\" alt=\"HP 3D High Reusability Material CB PA 12\" src=\"https:\/\/www.3dmaquinser.com\/wp-content\/uploads\/2020\/06\/HP-materiales-CB-PA12-1-350x216.jpg\" data-no-retina width=\"350\" height=\"216\" \/>\n<\/a>\t\t<div class=\"wpex-loop-product-add-to-cart\"><a href=\"https:\/\/www.3dmaquinser.com\/en\/productos\/hp-3d-high-reusability-material-cb-pa-12\/\" aria-describedby=\"woocommerce_loop_add_to_cart_link_describedby_8053\" data-quantity=\"1\" class=\"button product_type_simple\" data-product_id=\"8053\" data-product_sku=\"\" aria-label=\"Read more about &ldquo;HP 3D High Reusability Material CB PA 12&rdquo;\" rel=\"nofollow\" data-success_message=\"\">Read more<\/a>\t<span id=\"woocommerce_loop_add_to_cart_link_describedby_8053\" class=\"screen-reader-text\">\n\t\t\t<\/span>\n<\/div>\n\t<\/div><div class=\"product-details match-height-content\"><a href=\"https:\/\/www.3dmaquinser.com\/en\/productos\/hp-3d-high-reusability-material-cb-pa-12\/\"><h2 class=\"woocommerce-loop-product__title\">HP 3D High Reusability Material CB PA 12<\/h2><\/a>\n<\/div><\/div><\/li>\n<\/ul>\n<\/div>[\/vc_column][\/vc_row][vc_row el_id=&#8221;tpu&#8221;][vc_column][vc_empty_space height=&#8221;40px&#8221;][\/vc_column][\/vc_row][vc_row css_animation=&#8221;none&#8221;][vc_column]<div class=\"vcex-module vcex-heading vcex-heading-plain  wpb_animate_when_almost_visible wpb_zoomIn zoomIn\" data-wpex-rcss='{&quot;font-size&quot;:{&quot;d&quot;:&quot;28px&quot;,&quot;tl&quot;:&quot;24px&quot;,&quot;tp&quot;:&quot;21px&quot;,&quot;pl&quot;:&quot;18px&quot;,&quot;pp&quot;:&quot;17px&quot;}}' style=\"color:#0082ca;text-align:left;\"><span class=\"vcex-heading-inner clr\">Termoplastics - TPU \/ TPA<\/span><\/div>[\/vc_column][\/vc_row][vc_row css_animation=&#8221;fadeIn&#8221;][vc_column]<div class=\"woocommerce columns-5 \"><\/div>[\/vc_column][\/vc_row][vc_row el_id=&#8221;pp&#8221;][vc_column][vc_empty_space height=&#8221;40px&#8221;][\/vc_column][\/vc_row][vc_row][vc_column]<div class=\"vcex-module vcex-heading vcex-heading-plain  wpb_animate_when_almost_visible wpb_zoomIn zoomIn\" data-wpex-rcss='{&quot;font-size&quot;:{&quot;d&quot;:&quot;28px&quot;,&quot;tl&quot;:&quot;24px&quot;,&quot;tp&quot;:&quot;21px&quot;,&quot;pl&quot;:&quot;18px&quot;,&quot;pp&quot;:&quot;17px&quot;}}' style=\"color:#0082ca;text-align:left;\"><span class=\"vcex-heading-inner clr\">Polypropylene - PP<\/span><\/div>[\/vc_column][\/vc_row][vc_row css_animation=&#8221;fadeIn&#8221;][vc_column]<div class=\"woocommerce columns-5 \"><\/div>[\/vc_column][\/vc_row]\n","protected":false},"excerpt":{"rendered":"<p>[vc_row full_width=&#8221;stretch_row_content_no_spaces&#8221; wpex_bg_overlay=&#8221;custom&#8221; css=&#8221;.vc_custom_1596106520570{background-image: url(http:\/\/www.3dmaquinser.com\/wp-content\/uploads\/2020\/06\/0.jpg?id=5576) !important;background-position: center !important;background-repeat: no-repeat !important;background-size: cover !important;}&#8221; wpex_bg_position=&#8221;middle&#8221; wpex_bg_overlay_color=&#8221;#0a0a0a&#8221; wpex_bg_overlay_opacity=&#8221;0.4&#8243;][vc_column css=&#8221;.vc_custom_1596104139274{margin-bottom: 10px !important;background-position: center !important;background-repeat: no-repeat !important;background-size: cover !important;}&#8221;][vc_empty_space height=&#8221;200px&#8221;][vc_column_text] HP 3D Printing [\/vc_column_text][vc_column_text] Reinventing manufacturing and prototyping [\/vc_column_text][vc_empty_space height=&#8221;30px&#8221;][\/vc_column][\/vc_row][vc_row el_id=&#8221;printers&#8221;][vc_column][vc_empty_space height=&#8221;40px&#8221;][\/vc_column][\/vc_row][vc_row][vc_column][\/vc_column][\/vc_row][vc_row css_animation=&#8221;fadeIn&#8221;][vc_column][\/vc_column][\/vc_row][vc_row el_id=&#8221;PA&#8221;][vc_column el_id=&#8221;titanio&#8221;][vc_empty_space&hellip;<\/p>\n","protected":false},"author":3,"featured_media":0,"parent":0,"menu_order":0,"comment_status":"closed","ping_status":"closed","template":"","meta":{"two_page_speed":[],"footnotes":""},"class_list":["post-8731","page","type-page","status-publish","hentry","entry","no-media"],"yoast_head":"<!-- This site is optimized with the Yoast SEO plugin v25.2 - https:\/\/yoast.com\/wordpress\/plugins\/seo\/ -->\n<title>HP 3D Printing - Impresi\u00f3n 3D Maquinser<\/title>\n<meta name=\"robots\" content=\"index, follow, max-snippet:-1, max-image-preview:large, max-video-preview:-1\" \/>\n<link rel=\"canonical\" href=\"https:\/\/www.3dmaquinser.com\/en\/hp3dprinting\/\" \/>\n<meta property=\"og:locale\" content=\"en_US\" \/>\n<meta property=\"og:type\" content=\"article\" \/>\n<meta property=\"og:title\" content=\"HP 3D Printing - Impresi\u00f3n 3D Maquinser\" \/>\n<meta property=\"og:description\" content=\"[vc_row full_width=&#8221;stretch_row_content_no_spaces&#8221; wpex_bg_overlay=&#8221;custom&#8221; css=&#8221;.vc_custom_1596106520570{background-image: url(http:\/\/www.3dmaquinser.com\/wp-content\/uploads\/2020\/06\/0.jpg?id=5576) !important;background-position: center !important;background-repeat: no-repeat !important;background-size: cover !important;}&#8221; wpex_bg_position=&#8221;middle&#8221; wpex_bg_overlay_color=&#8221;#0a0a0a&#8221; wpex_bg_overlay_opacity=&#8221;0.4&#8243;][vc_column css=&#8221;.vc_custom_1596104139274{margin-bottom: 10px !important;background-position: center !important;background-repeat: no-repeat !important;background-size: cover !important;}&#8221;][vc_empty_space height=&#8221;200px&#8221;][vc_column_text] HP 3D Printing [\/vc_column_text][vc_column_text] Reinventing manufacturing and prototyping [\/vc_column_text][vc_empty_space height=&#8221;30px&#8221;][\/vc_column][\/vc_row][vc_row el_id=&#8221;printers&#8221;][vc_column][vc_empty_space height=&#8221;40px&#8221;][\/vc_column][\/vc_row][vc_row][vc_column][\/vc_column][\/vc_row][vc_row css_animation=&#8221;fadeIn&#8221;][vc_column][\/vc_column][\/vc_row][vc_row el_id=&#8221;PA&#8221;][vc_column el_id=&#8221;titanio&#8221;][vc_empty_space&hellip;\" \/>\n<meta property=\"og:url\" content=\"https:\/\/www.3dmaquinser.com\/en\/hp3dprinting\/\" \/>\n<meta property=\"og:site_name\" content=\"Impresi\u00f3n 3D Maquinser\" \/>\n<meta property=\"article:modified_time\" content=\"2021-12-13T13:47:46+00:00\" \/>\n<meta name=\"twitter:card\" content=\"summary_large_image\" \/>\n<meta name=\"twitter:label1\" content=\"Est. reading time\" \/>\n\t<meta name=\"twitter:data1\" content=\"1 minute\" \/>\n<script type=\"application\/ld+json\" class=\"yoast-schema-graph\">{\"@context\":\"https:\/\/schema.org\",\"@graph\":[{\"@type\":\"WebPage\",\"@id\":\"https:\/\/www.3dmaquinser.com\/en\/hp3dprinting\/\",\"url\":\"https:\/\/www.3dmaquinser.com\/en\/hp3dprinting\/\",\"name\":\"HP 3D Printing - Impresi\u00f3n 3D Maquinser\",\"isPartOf\":{\"@id\":\"http:\/\/www.3dmaquinser.com\/en\/#website\"},\"datePublished\":\"2021-12-13T11:47:09+00:00\",\"dateModified\":\"2021-12-13T13:47:46+00:00\",\"breadcrumb\":{\"@id\":\"https:\/\/www.3dmaquinser.com\/en\/hp3dprinting\/#breadcrumb\"},\"inLanguage\":\"en-US\",\"potentialAction\":[{\"@type\":\"ReadAction\",\"target\":[\"https:\/\/www.3dmaquinser.com\/en\/hp3dprinting\/\"]}]},{\"@type\":\"BreadcrumbList\",\"@id\":\"https:\/\/www.3dmaquinser.com\/en\/hp3dprinting\/#breadcrumb\",\"itemListElement\":[{\"@type\":\"ListItem\",\"position\":1,\"name\":\"Portada\",\"item\":\"http:\/\/www.3dmaquinser.com\/en\/\"},{\"@type\":\"ListItem\",\"position\":2,\"name\":\"HP 3D Printing\"}]},{\"@type\":\"WebSite\",\"@id\":\"http:\/\/www.3dmaquinser.com\/en\/#website\",\"url\":\"http:\/\/www.3dmaquinser.com\/en\/\",\"name\":\"Impresi\u00f3n 3D Maquinser\",\"description\":\"Especialistas en Impresi\u00f3n 3D y procesos de Fabricaci\u00f3n aditiva\",\"publisher\":{\"@id\":\"http:\/\/www.3dmaquinser.com\/en\/#organization\"},\"potentialAction\":[{\"@type\":\"SearchAction\",\"target\":{\"@type\":\"EntryPoint\",\"urlTemplate\":\"http:\/\/www.3dmaquinser.com\/en\/?s={search_term_string}\"},\"query-input\":{\"@type\":\"PropertyValueSpecification\",\"valueRequired\":true,\"valueName\":\"search_term_string\"}}],\"inLanguage\":\"en-US\"},{\"@type\":\"Organization\",\"@id\":\"http:\/\/www.3dmaquinser.com\/en\/#organization\",\"name\":\"Impresi\u00f3n 3D Maquinser\",\"url\":\"http:\/\/www.3dmaquinser.com\/en\/\",\"logo\":{\"@type\":\"ImageObject\",\"inLanguage\":\"en-US\",\"@id\":\"http:\/\/www.3dmaquinser.com\/en\/#\/schema\/logo\/image\/\",\"url\":\"https:\/\/www.3dmaquinser.com\/wp-content\/uploads\/2020\/04\/LOGO-3D-Maquinser.png\",\"contentUrl\":\"https:\/\/www.3dmaquinser.com\/wp-content\/uploads\/2020\/04\/LOGO-3D-Maquinser.png\",\"width\":563,\"height\":110,\"caption\":\"Impresi\u00f3n 3D Maquinser\"},\"image\":{\"@id\":\"http:\/\/www.3dmaquinser.com\/en\/#\/schema\/logo\/image\/\"}}]}<\/script>\n<!-- \/ Yoast SEO plugin. -->","yoast_head_json":{"title":"HP 3D Printing - Impresi\u00f3n 3D Maquinser","robots":{"index":"index","follow":"follow","max-snippet":"max-snippet:-1","max-image-preview":"max-image-preview:large","max-video-preview":"max-video-preview:-1"},"canonical":"https:\/\/www.3dmaquinser.com\/en\/hp3dprinting\/","og_locale":"en_US","og_type":"article","og_title":"HP 3D Printing - Impresi\u00f3n 3D Maquinser","og_description":"[vc_row full_width=&#8221;stretch_row_content_no_spaces&#8221; wpex_bg_overlay=&#8221;custom&#8221; css=&#8221;.vc_custom_1596106520570{background-image: url(http:\/\/www.3dmaquinser.com\/wp-content\/uploads\/2020\/06\/0.jpg?id=5576) !important;background-position: center !important;background-repeat: no-repeat !important;background-size: cover !important;}&#8221; wpex_bg_position=&#8221;middle&#8221; wpex_bg_overlay_color=&#8221;#0a0a0a&#8221; wpex_bg_overlay_opacity=&#8221;0.4&#8243;][vc_column css=&#8221;.vc_custom_1596104139274{margin-bottom: 10px !important;background-position: center !important;background-repeat: no-repeat !important;background-size: cover !important;}&#8221;][vc_empty_space height=&#8221;200px&#8221;][vc_column_text] HP 3D Printing [\/vc_column_text][vc_column_text] Reinventing manufacturing and prototyping [\/vc_column_text][vc_empty_space height=&#8221;30px&#8221;][\/vc_column][\/vc_row][vc_row el_id=&#8221;printers&#8221;][vc_column][vc_empty_space height=&#8221;40px&#8221;][\/vc_column][\/vc_row][vc_row][vc_column][\/vc_column][\/vc_row][vc_row css_animation=&#8221;fadeIn&#8221;][vc_column][\/vc_column][\/vc_row][vc_row el_id=&#8221;PA&#8221;][vc_column el_id=&#8221;titanio&#8221;][vc_empty_space&hellip;","og_url":"https:\/\/www.3dmaquinser.com\/en\/hp3dprinting\/","og_site_name":"Impresi\u00f3n 3D Maquinser","article_modified_time":"2021-12-13T13:47:46+00:00","twitter_card":"summary_large_image","twitter_misc":{"Est. reading time":"1 minute"},"schema":{"@context":"https:\/\/schema.org","@graph":[{"@type":"WebPage","@id":"https:\/\/www.3dmaquinser.com\/en\/hp3dprinting\/","url":"https:\/\/www.3dmaquinser.com\/en\/hp3dprinting\/","name":"HP 3D Printing - Impresi\u00f3n 3D Maquinser","isPartOf":{"@id":"http:\/\/www.3dmaquinser.com\/en\/#website"},"datePublished":"2021-12-13T11:47:09+00:00","dateModified":"2021-12-13T13:47:46+00:00","breadcrumb":{"@id":"https:\/\/www.3dmaquinser.com\/en\/hp3dprinting\/#breadcrumb"},"inLanguage":"en-US","potentialAction":[{"@type":"ReadAction","target":["https:\/\/www.3dmaquinser.com\/en\/hp3dprinting\/"]}]},{"@type":"BreadcrumbList","@id":"https:\/\/www.3dmaquinser.com\/en\/hp3dprinting\/#breadcrumb","itemListElement":[{"@type":"ListItem","position":1,"name":"Portada","item":"http:\/\/www.3dmaquinser.com\/en\/"},{"@type":"ListItem","position":2,"name":"HP 3D Printing"}]},{"@type":"WebSite","@id":"http:\/\/www.3dmaquinser.com\/en\/#website","url":"http:\/\/www.3dmaquinser.com\/en\/","name":"Impresi\u00f3n 3D Maquinser","description":"Especialistas en Impresi\u00f3n 3D y procesos de Fabricaci\u00f3n aditiva","publisher":{"@id":"http:\/\/www.3dmaquinser.com\/en\/#organization"},"potentialAction":[{"@type":"SearchAction","target":{"@type":"EntryPoint","urlTemplate":"http:\/\/www.3dmaquinser.com\/en\/?s={search_term_string}"},"query-input":{"@type":"PropertyValueSpecification","valueRequired":true,"valueName":"search_term_string"}}],"inLanguage":"en-US"},{"@type":"Organization","@id":"http:\/\/www.3dmaquinser.com\/en\/#organization","name":"Impresi\u00f3n 3D Maquinser","url":"http:\/\/www.3dmaquinser.com\/en\/","logo":{"@type":"ImageObject","inLanguage":"en-US","@id":"http:\/\/www.3dmaquinser.com\/en\/#\/schema\/logo\/image\/","url":"https:\/\/www.3dmaquinser.com\/wp-content\/uploads\/2020\/04\/LOGO-3D-Maquinser.png","contentUrl":"https:\/\/www.3dmaquinser.com\/wp-content\/uploads\/2020\/04\/LOGO-3D-Maquinser.png","width":563,"height":110,"caption":"Impresi\u00f3n 3D Maquinser"},"image":{"@id":"http:\/\/www.3dmaquinser.com\/en\/#\/schema\/logo\/image\/"}}]}},"_links":{"self":[{"href":"https:\/\/www.3dmaquinser.com\/en\/wp-json\/wp\/v2\/pages\/8731","targetHints":{"allow":["GET"]}}],"collection":[{"href":"https:\/\/www.3dmaquinser.com\/en\/wp-json\/wp\/v2\/pages"}],"about":[{"href":"https:\/\/www.3dmaquinser.com\/en\/wp-json\/wp\/v2\/types\/page"}],"author":[{"embeddable":true,"href":"https:\/\/www.3dmaquinser.com\/en\/wp-json\/wp\/v2\/users\/3"}],"replies":[{"embeddable":true,"href":"https:\/\/www.3dmaquinser.com\/en\/wp-json\/wp\/v2\/comments?post=8731"}],"version-history":[{"count":5,"href":"https:\/\/www.3dmaquinser.com\/en\/wp-json\/wp\/v2\/pages\/8731\/revisions"}],"predecessor-version":[{"id":8749,"href":"https:\/\/www.3dmaquinser.com\/en\/wp-json\/wp\/v2\/pages\/8731\/revisions\/8749"}],"wp:attachment":[{"href":"https:\/\/www.3dmaquinser.com\/en\/wp-json\/wp\/v2\/media?parent=8731"}],"curies":[{"name":"wp","href":"https:\/\/api.w.org\/{rel}","templated":true}]}}