{"id":8543,"date":"2021-10-27T09:45:50","date_gmt":"2021-10-27T09:45:50","guid":{"rendered":"http:\/\/www.3dmaquinser.com\/?page_id=8543"},"modified":"2021-10-27T09:48:55","modified_gmt":"2021-10-27T09:48:55","slug":"precious-metals","status":"publish","type":"page","link":"https:\/\/www.3dmaquinser.com\/en\/precious-metals\/","title":{"rendered":"Precious metals"},"content":{"rendered":"[vc_row][vc_column width=&#8221;1\/2&#8243;][vc_single_image image=&#8221;8545&#8243;][\/vc_column][vc_column width=&#8221;1\/2&#8243; css=&#8221;.vc_custom_1594983390551{margin-left: 50px !important;}&#8221;][vc_column_text]<span style=\"color: #000000;\"><strong><span style=\"font-size: 24px;\">Precious metals<\/span><\/strong><\/span>[\/vc_column_text][vc_column_text]Gold, silver and platinum powder can be sintered for additive manufacturing on DMLM machines. Extremely fine metal powder is partially melted to create jewelry. At the end of the process, the object is removed from the remaining metal dust, similar to an archaeological excavation. Unique and beautiful pieces of jewelry feature interlocking designs that are only possible with additive manufacturing. Forbes portrayed a jeweler creating one-of-a-kind items with a six-figure valuation, customized to customer preferences. To commemorate a honeymoon in Paris, a customer ordered and received a pendant with a 3D printed Eiffel Tower mounted on a pearl.[\/vc_column_text][vc_single_image image=&#8221;5260&#8243; onclick=&#8221;custom_link&#8221; link=&#8221;http:\/\/www.3dmaquinser.com\/en\/ge-additive\/&#8221; css=&#8221;.vc_custom_1635328035840{margin-top: 60px !important;}&#8221;][\/vc_column][\/vc_row][vc_row][vc_column][vc_separator][\/vc_column][\/vc_row][vc_row][vc_column]<div class=\"woocommerce columns-4 \"><\/div>[\/vc_column][\/vc_row]\n","protected":false},"excerpt":{"rendered":"<p>[vc_row][vc_column width=&#8221;1\/2&#8243;][vc_single_image image=&#8221;8545&#8243;][\/vc_column][vc_column width=&#8221;1\/2&#8243; css=&#8221;.vc_custom_1594983390551{margin-left: 50px !important;}&#8221;][vc_column_text]Precious metals[\/vc_column_text][vc_column_text]Gold, silver and platinum powder can be sintered for additive manufacturing on DMLM machines. Extremely fine metal powder is partially melted to create jewelry. At the end of the process, the object is&hellip;<\/p>\n","protected":false},"author":3,"featured_media":0,"parent":0,"menu_order":0,"comment_status":"closed","ping_status":"closed","template":"","meta":{"two_page_speed":[],"footnotes":""},"class_list":["post-8543","page","type-page","status-publish","hentry","entry","no-media"],"yoast_head":"<!-- This site is optimized with the Yoast SEO plugin v25.2 - https:\/\/yoast.com\/wordpress\/plugins\/seo\/ -->\n<title>Precious metals - Impresi\u00f3n 3D Maquinser<\/title>\n<meta name=\"robots\" content=\"index, follow, max-snippet:-1, max-image-preview:large, max-video-preview:-1\" \/>\n<link rel=\"canonical\" href=\"https:\/\/www.3dmaquinser.com\/en\/precious-metals\/\" \/>\n<meta property=\"og:locale\" content=\"en_US\" \/>\n<meta property=\"og:type\" content=\"article\" \/>\n<meta property=\"og:title\" content=\"Precious metals - Impresi\u00f3n 3D Maquinser\" \/>\n<meta property=\"og:description\" content=\"[vc_row][vc_column width=&#8221;1\/2&#8243;][vc_single_image image=&#8221;8545&#8243;][\/vc_column][vc_column width=&#8221;1\/2&#8243; css=&#8221;.vc_custom_1594983390551{margin-left: 50px !important;}&#8221;][vc_column_text]Precious metals[\/vc_column_text][vc_column_text]Gold, silver and platinum powder can be sintered for additive manufacturing on DMLM machines. Extremely fine metal powder is partially melted to create jewelry. At the end of the process, the object is&hellip;\" \/>\n<meta property=\"og:url\" content=\"https:\/\/www.3dmaquinser.com\/en\/precious-metals\/\" \/>\n<meta property=\"og:site_name\" content=\"Impresi\u00f3n 3D Maquinser\" \/>\n<meta property=\"article:modified_time\" content=\"2021-10-27T09:48:55+00:00\" \/>\n<meta name=\"twitter:card\" content=\"summary_large_image\" \/>\n<meta name=\"twitter:label1\" content=\"Est. reading time\" \/>\n\t<meta name=\"twitter:data1\" content=\"1 minute\" \/>\n<script type=\"application\/ld+json\" class=\"yoast-schema-graph\">{\"@context\":\"https:\/\/schema.org\",\"@graph\":[{\"@type\":\"WebPage\",\"@id\":\"https:\/\/www.3dmaquinser.com\/en\/precious-metals\/\",\"url\":\"https:\/\/www.3dmaquinser.com\/en\/precious-metals\/\",\"name\":\"Precious metals - Impresi\u00f3n 3D Maquinser\",\"isPartOf\":{\"@id\":\"http:\/\/www.3dmaquinser.com\/en\/#website\"},\"datePublished\":\"2021-10-27T09:45:50+00:00\",\"dateModified\":\"2021-10-27T09:48:55+00:00\",\"breadcrumb\":{\"@id\":\"https:\/\/www.3dmaquinser.com\/en\/precious-metals\/#breadcrumb\"},\"inLanguage\":\"en-US\",\"potentialAction\":[{\"@type\":\"ReadAction\",\"target\":[\"https:\/\/www.3dmaquinser.com\/en\/precious-metals\/\"]}]},{\"@type\":\"BreadcrumbList\",\"@id\":\"https:\/\/www.3dmaquinser.com\/en\/precious-metals\/#breadcrumb\",\"itemListElement\":[{\"@type\":\"ListItem\",\"position\":1,\"name\":\"Portada\",\"item\":\"http:\/\/www.3dmaquinser.com\/en\/\"},{\"@type\":\"ListItem\",\"position\":2,\"name\":\"Precious metals\"}]},{\"@type\":\"WebSite\",\"@id\":\"http:\/\/www.3dmaquinser.com\/en\/#website\",\"url\":\"http:\/\/www.3dmaquinser.com\/en\/\",\"name\":\"Impresi\u00f3n 3D Maquinser\",\"description\":\"Especialistas en Impresi\u00f3n 3D y procesos de Fabricaci\u00f3n aditiva\",\"publisher\":{\"@id\":\"http:\/\/www.3dmaquinser.com\/en\/#organization\"},\"potentialAction\":[{\"@type\":\"SearchAction\",\"target\":{\"@type\":\"EntryPoint\",\"urlTemplate\":\"http:\/\/www.3dmaquinser.com\/en\/?s={search_term_string}\"},\"query-input\":{\"@type\":\"PropertyValueSpecification\",\"valueRequired\":true,\"valueName\":\"search_term_string\"}}],\"inLanguage\":\"en-US\"},{\"@type\":\"Organization\",\"@id\":\"http:\/\/www.3dmaquinser.com\/en\/#organization\",\"name\":\"Impresi\u00f3n 3D Maquinser\",\"url\":\"http:\/\/www.3dmaquinser.com\/en\/\",\"logo\":{\"@type\":\"ImageObject\",\"inLanguage\":\"en-US\",\"@id\":\"http:\/\/www.3dmaquinser.com\/en\/#\/schema\/logo\/image\/\",\"url\":\"https:\/\/www.3dmaquinser.com\/wp-content\/uploads\/2020\/04\/LOGO-3D-Maquinser.png\",\"contentUrl\":\"https:\/\/www.3dmaquinser.com\/wp-content\/uploads\/2020\/04\/LOGO-3D-Maquinser.png\",\"width\":563,\"height\":110,\"caption\":\"Impresi\u00f3n 3D Maquinser\"},\"image\":{\"@id\":\"http:\/\/www.3dmaquinser.com\/en\/#\/schema\/logo\/image\/\"}}]}<\/script>\n<!-- \/ Yoast SEO plugin. -->","yoast_head_json":{"title":"Precious metals - Impresi\u00f3n 3D Maquinser","robots":{"index":"index","follow":"follow","max-snippet":"max-snippet:-1","max-image-preview":"max-image-preview:large","max-video-preview":"max-video-preview:-1"},"canonical":"https:\/\/www.3dmaquinser.com\/en\/precious-metals\/","og_locale":"en_US","og_type":"article","og_title":"Precious metals - Impresi\u00f3n 3D Maquinser","og_description":"[vc_row][vc_column width=&#8221;1\/2&#8243;][vc_single_image image=&#8221;8545&#8243;][\/vc_column][vc_column width=&#8221;1\/2&#8243; css=&#8221;.vc_custom_1594983390551{margin-left: 50px !important;}&#8221;][vc_column_text]Precious metals[\/vc_column_text][vc_column_text]Gold, silver and platinum powder can be sintered for additive manufacturing on DMLM machines. Extremely fine metal powder is partially melted to create jewelry. At the end of the process, the object is&hellip;","og_url":"https:\/\/www.3dmaquinser.com\/en\/precious-metals\/","og_site_name":"Impresi\u00f3n 3D Maquinser","article_modified_time":"2021-10-27T09:48:55+00:00","twitter_card":"summary_large_image","twitter_misc":{"Est. reading time":"1 minute"},"schema":{"@context":"https:\/\/schema.org","@graph":[{"@type":"WebPage","@id":"https:\/\/www.3dmaquinser.com\/en\/precious-metals\/","url":"https:\/\/www.3dmaquinser.com\/en\/precious-metals\/","name":"Precious metals - Impresi\u00f3n 3D Maquinser","isPartOf":{"@id":"http:\/\/www.3dmaquinser.com\/en\/#website"},"datePublished":"2021-10-27T09:45:50+00:00","dateModified":"2021-10-27T09:48:55+00:00","breadcrumb":{"@id":"https:\/\/www.3dmaquinser.com\/en\/precious-metals\/#breadcrumb"},"inLanguage":"en-US","potentialAction":[{"@type":"ReadAction","target":["https:\/\/www.3dmaquinser.com\/en\/precious-metals\/"]}]},{"@type":"BreadcrumbList","@id":"https:\/\/www.3dmaquinser.com\/en\/precious-metals\/#breadcrumb","itemListElement":[{"@type":"ListItem","position":1,"name":"Portada","item":"http:\/\/www.3dmaquinser.com\/en\/"},{"@type":"ListItem","position":2,"name":"Precious metals"}]},{"@type":"WebSite","@id":"http:\/\/www.3dmaquinser.com\/en\/#website","url":"http:\/\/www.3dmaquinser.com\/en\/","name":"Impresi\u00f3n 3D Maquinser","description":"Especialistas en Impresi\u00f3n 3D y procesos de Fabricaci\u00f3n aditiva","publisher":{"@id":"http:\/\/www.3dmaquinser.com\/en\/#organization"},"potentialAction":[{"@type":"SearchAction","target":{"@type":"EntryPoint","urlTemplate":"http:\/\/www.3dmaquinser.com\/en\/?s={search_term_string}"},"query-input":{"@type":"PropertyValueSpecification","valueRequired":true,"valueName":"search_term_string"}}],"inLanguage":"en-US"},{"@type":"Organization","@id":"http:\/\/www.3dmaquinser.com\/en\/#organization","name":"Impresi\u00f3n 3D Maquinser","url":"http:\/\/www.3dmaquinser.com\/en\/","logo":{"@type":"ImageObject","inLanguage":"en-US","@id":"http:\/\/www.3dmaquinser.com\/en\/#\/schema\/logo\/image\/","url":"https:\/\/www.3dmaquinser.com\/wp-content\/uploads\/2020\/04\/LOGO-3D-Maquinser.png","contentUrl":"https:\/\/www.3dmaquinser.com\/wp-content\/uploads\/2020\/04\/LOGO-3D-Maquinser.png","width":563,"height":110,"caption":"Impresi\u00f3n 3D Maquinser"},"image":{"@id":"http:\/\/www.3dmaquinser.com\/en\/#\/schema\/logo\/image\/"}}]}},"_links":{"self":[{"href":"https:\/\/www.3dmaquinser.com\/en\/wp-json\/wp\/v2\/pages\/8543","targetHints":{"allow":["GET"]}}],"collection":[{"href":"https:\/\/www.3dmaquinser.com\/en\/wp-json\/wp\/v2\/pages"}],"about":[{"href":"https:\/\/www.3dmaquinser.com\/en\/wp-json\/wp\/v2\/types\/page"}],"author":[{"embeddable":true,"href":"https:\/\/www.3dmaquinser.com\/en\/wp-json\/wp\/v2\/users\/3"}],"replies":[{"embeddable":true,"href":"https:\/\/www.3dmaquinser.com\/en\/wp-json\/wp\/v2\/comments?post=8543"}],"version-history":[{"count":4,"href":"https:\/\/www.3dmaquinser.com\/en\/wp-json\/wp\/v2\/pages\/8543\/revisions"}],"predecessor-version":[{"id":8548,"href":"https:\/\/www.3dmaquinser.com\/en\/wp-json\/wp\/v2\/pages\/8543\/revisions\/8548"}],"wp:attachment":[{"href":"https:\/\/www.3dmaquinser.com\/en\/wp-json\/wp\/v2\/media?parent=8543"}],"curies":[{"name":"wp","href":"https:\/\/api.w.org\/{rel}","templated":true}]}}