{"id":8496,"date":"2021-10-26T09:40:42","date_gmt":"2021-10-26T09:40:42","guid":{"rendered":"http:\/\/www.3dmaquinser.com\/?page_id=8496"},"modified":"2021-11-08T12:14:02","modified_gmt":"2021-11-08T12:14:02","slug":"aluminum","status":"publish","type":"page","link":"https:\/\/www.3dmaquinser.com\/en\/aluminum\/","title":{"rendered":"Aluminum"},"content":{"rendered":"[vc_row][vc_column width=&#8221;1\/2&#8243;][vc_single_image image=&#8221;8498&#8243;][\/vc_column][vc_column width=&#8221;1\/2&#8243; css=&#8221;.vc_custom_1594983390551{margin-left: 50px !important;}&#8221;][vc_column_text]<span style=\"color: #000000;\"><strong><span style=\"font-size: 24px;\">Aluminium<br \/>\n<\/span><\/strong><\/span>[\/vc_column_text][vc_column_text]Aluminum is sintered in the Direct Laser Metal Sintering (DMLS) process or melted in the Selective Laser Melting (SLM) process. Small details down to 25 microns and thicknesses as small as 50 microns are possible when using aluminum. Parts that typically have a textured, matte surface that distinguishes them from traditional machined aluminum parts. Due to its low weight, 3D printed aluminum is used for automotive and racing components.[\/vc_column_text][vc_single_image image=&#8221;5260&#8243; onclick=&#8221;custom_link&#8221; link=&#8221;http:\/\/www.3dmaquinser.com\/brand\/geadditive\/&#8221; css=&#8221;.vc_custom_1594984734816{margin-top: 60px !important;}&#8221;][\/vc_column][\/vc_row][vc_row][vc_column][vc_tta_tabs style=&#8221;flat&#8221; color=&#8221;white&#8221; spacing=&#8221;&#8221; active_section=&#8221;1&#8243; css=&#8221;.vc_custom_1595414617271{background-color: #ffffff !important;}&#8221;][vc_tta_section title=&#8221;Materials&#8221; tab_id=&#8221;1595413704762-11e3b076-3b1c&#8221;][vc_separator css=&#8221;.vc_custom_1595414550454{padding-top: -10px !important;padding-bottom: 20px !important;}&#8221;]<div class=\"woocommerce columns-4 \"><\/div>[\/vc_tta_section][vc_tta_section title=&#8221;Alloy&#8221; tab_id=&#8221;1595413704785-71fbe935-ade8&#8243;][vc_separator css=&#8221;.vc_custom_1595414550454{padding-top: -10px !important;padding-bottom: 20px !important;}&#8221;][vc_column_text]\n<h4>Aluminum Alloys<\/h4>\n<p>Light aluminum alloys for additive manufacturing are traditionally used in many industrial, aerospace and automotive applications. They possess high strength-to-weight ratios, and also demonstrate good resistance to metal fatigue and corrosion. A key advantage of aluminum alloy powders is that they typically offer better build speeds than other metal powders used in PDF processes.<\/p>\n<p>Due to the geometrically complex structures possible with additive manufacturing, additional weight reduction is often possible with little or no compromise in strength and overall performance. Aluminum alloys that possess detailed microstructures with roughly equal grain sizes are typically as strong as their forged counterparts. The excellent melting characteristics make aluminum alloys particularly suitable for use in 3D printing.[\/vc_column_text][\/vc_tta_section][\/vc_tta_tabs][\/vc_column][\/vc_row][vc_row][vc_column][\/vc_column][\/vc_row]\n","protected":false},"excerpt":{"rendered":"<p>[vc_row][vc_column width=&#8221;1\/2&#8243;][vc_single_image image=&#8221;8498&#8243;][\/vc_column][vc_column width=&#8221;1\/2&#8243; css=&#8221;.vc_custom_1594983390551{margin-left: 50px !important;}&#8221;][vc_column_text]Aluminium [\/vc_column_text][vc_column_text]Aluminum is sintered in the Direct Laser Metal Sintering (DMLS) process or melted in the Selective Laser Melting (SLM) process. Small details down to 25 microns and thicknesses as small as 50 microns&hellip;<\/p>\n","protected":false},"author":3,"featured_media":0,"parent":0,"menu_order":0,"comment_status":"closed","ping_status":"closed","template":"","meta":{"two_page_speed":[],"footnotes":""},"class_list":["post-8496","page","type-page","status-publish","hentry","entry","no-media"],"yoast_head":"<!-- This site is optimized with the Yoast SEO plugin v25.2 - https:\/\/yoast.com\/wordpress\/plugins\/seo\/ -->\n<title>Aluminum - Impresi\u00f3n 3D Maquinser<\/title>\n<meta name=\"robots\" content=\"index, follow, max-snippet:-1, max-image-preview:large, max-video-preview:-1\" \/>\n<link rel=\"canonical\" href=\"https:\/\/www.3dmaquinser.com\/en\/aluminum\/\" \/>\n<meta property=\"og:locale\" content=\"en_US\" \/>\n<meta property=\"og:type\" content=\"article\" \/>\n<meta property=\"og:title\" content=\"Aluminum - Impresi\u00f3n 3D Maquinser\" \/>\n<meta property=\"og:description\" content=\"[vc_row][vc_column width=&#8221;1\/2&#8243;][vc_single_image image=&#8221;8498&#8243;][\/vc_column][vc_column width=&#8221;1\/2&#8243; css=&#8221;.vc_custom_1594983390551{margin-left: 50px !important;}&#8221;][vc_column_text]Aluminium [\/vc_column_text][vc_column_text]Aluminum is sintered in the Direct Laser Metal Sintering (DMLS) process or melted in the Selective Laser Melting (SLM) process. Small details down to 25 microns and thicknesses as small as 50 microns&hellip;\" \/>\n<meta property=\"og:url\" content=\"https:\/\/www.3dmaquinser.com\/en\/aluminum\/\" \/>\n<meta property=\"og:site_name\" content=\"Impresi\u00f3n 3D Maquinser\" \/>\n<meta property=\"article:modified_time\" content=\"2021-11-08T12:14:02+00:00\" \/>\n<meta name=\"twitter:card\" content=\"summary_large_image\" \/>\n<meta name=\"twitter:label1\" content=\"Est. reading time\" \/>\n\t<meta name=\"twitter:data1\" content=\"1 minute\" \/>\n<script type=\"application\/ld+json\" class=\"yoast-schema-graph\">{\"@context\":\"https:\/\/schema.org\",\"@graph\":[{\"@type\":\"WebPage\",\"@id\":\"https:\/\/www.3dmaquinser.com\/en\/aluminum\/\",\"url\":\"https:\/\/www.3dmaquinser.com\/en\/aluminum\/\",\"name\":\"Aluminum - Impresi\u00f3n 3D Maquinser\",\"isPartOf\":{\"@id\":\"http:\/\/www.3dmaquinser.com\/en\/#website\"},\"datePublished\":\"2021-10-26T09:40:42+00:00\",\"dateModified\":\"2021-11-08T12:14:02+00:00\",\"breadcrumb\":{\"@id\":\"https:\/\/www.3dmaquinser.com\/en\/aluminum\/#breadcrumb\"},\"inLanguage\":\"en-US\",\"potentialAction\":[{\"@type\":\"ReadAction\",\"target\":[\"https:\/\/www.3dmaquinser.com\/en\/aluminum\/\"]}]},{\"@type\":\"BreadcrumbList\",\"@id\":\"https:\/\/www.3dmaquinser.com\/en\/aluminum\/#breadcrumb\",\"itemListElement\":[{\"@type\":\"ListItem\",\"position\":1,\"name\":\"Portada\",\"item\":\"http:\/\/www.3dmaquinser.com\/en\/\"},{\"@type\":\"ListItem\",\"position\":2,\"name\":\"Aluminum\"}]},{\"@type\":\"WebSite\",\"@id\":\"http:\/\/www.3dmaquinser.com\/en\/#website\",\"url\":\"http:\/\/www.3dmaquinser.com\/en\/\",\"name\":\"Impresi\u00f3n 3D Maquinser\",\"description\":\"Especialistas en Impresi\u00f3n 3D y procesos de Fabricaci\u00f3n aditiva\",\"publisher\":{\"@id\":\"http:\/\/www.3dmaquinser.com\/en\/#organization\"},\"potentialAction\":[{\"@type\":\"SearchAction\",\"target\":{\"@type\":\"EntryPoint\",\"urlTemplate\":\"http:\/\/www.3dmaquinser.com\/en\/?s={search_term_string}\"},\"query-input\":{\"@type\":\"PropertyValueSpecification\",\"valueRequired\":true,\"valueName\":\"search_term_string\"}}],\"inLanguage\":\"en-US\"},{\"@type\":\"Organization\",\"@id\":\"http:\/\/www.3dmaquinser.com\/en\/#organization\",\"name\":\"Impresi\u00f3n 3D Maquinser\",\"url\":\"http:\/\/www.3dmaquinser.com\/en\/\",\"logo\":{\"@type\":\"ImageObject\",\"inLanguage\":\"en-US\",\"@id\":\"http:\/\/www.3dmaquinser.com\/en\/#\/schema\/logo\/image\/\",\"url\":\"https:\/\/www.3dmaquinser.com\/wp-content\/uploads\/2020\/04\/LOGO-3D-Maquinser.png\",\"contentUrl\":\"https:\/\/www.3dmaquinser.com\/wp-content\/uploads\/2020\/04\/LOGO-3D-Maquinser.png\",\"width\":563,\"height\":110,\"caption\":\"Impresi\u00f3n 3D Maquinser\"},\"image\":{\"@id\":\"http:\/\/www.3dmaquinser.com\/en\/#\/schema\/logo\/image\/\"}}]}<\/script>\n<!-- \/ Yoast SEO plugin. -->","yoast_head_json":{"title":"Aluminum - Impresi\u00f3n 3D Maquinser","robots":{"index":"index","follow":"follow","max-snippet":"max-snippet:-1","max-image-preview":"max-image-preview:large","max-video-preview":"max-video-preview:-1"},"canonical":"https:\/\/www.3dmaquinser.com\/en\/aluminum\/","og_locale":"en_US","og_type":"article","og_title":"Aluminum - Impresi\u00f3n 3D Maquinser","og_description":"[vc_row][vc_column width=&#8221;1\/2&#8243;][vc_single_image image=&#8221;8498&#8243;][\/vc_column][vc_column width=&#8221;1\/2&#8243; css=&#8221;.vc_custom_1594983390551{margin-left: 50px !important;}&#8221;][vc_column_text]Aluminium [\/vc_column_text][vc_column_text]Aluminum is sintered in the Direct Laser Metal Sintering (DMLS) process or melted in the Selective Laser Melting (SLM) process. Small details down to 25 microns and thicknesses as small as 50 microns&hellip;","og_url":"https:\/\/www.3dmaquinser.com\/en\/aluminum\/","og_site_name":"Impresi\u00f3n 3D Maquinser","article_modified_time":"2021-11-08T12:14:02+00:00","twitter_card":"summary_large_image","twitter_misc":{"Est. reading time":"1 minute"},"schema":{"@context":"https:\/\/schema.org","@graph":[{"@type":"WebPage","@id":"https:\/\/www.3dmaquinser.com\/en\/aluminum\/","url":"https:\/\/www.3dmaquinser.com\/en\/aluminum\/","name":"Aluminum - Impresi\u00f3n 3D Maquinser","isPartOf":{"@id":"http:\/\/www.3dmaquinser.com\/en\/#website"},"datePublished":"2021-10-26T09:40:42+00:00","dateModified":"2021-11-08T12:14:02+00:00","breadcrumb":{"@id":"https:\/\/www.3dmaquinser.com\/en\/aluminum\/#breadcrumb"},"inLanguage":"en-US","potentialAction":[{"@type":"ReadAction","target":["https:\/\/www.3dmaquinser.com\/en\/aluminum\/"]}]},{"@type":"BreadcrumbList","@id":"https:\/\/www.3dmaquinser.com\/en\/aluminum\/#breadcrumb","itemListElement":[{"@type":"ListItem","position":1,"name":"Portada","item":"http:\/\/www.3dmaquinser.com\/en\/"},{"@type":"ListItem","position":2,"name":"Aluminum"}]},{"@type":"WebSite","@id":"http:\/\/www.3dmaquinser.com\/en\/#website","url":"http:\/\/www.3dmaquinser.com\/en\/","name":"Impresi\u00f3n 3D Maquinser","description":"Especialistas en Impresi\u00f3n 3D y procesos de Fabricaci\u00f3n aditiva","publisher":{"@id":"http:\/\/www.3dmaquinser.com\/en\/#organization"},"potentialAction":[{"@type":"SearchAction","target":{"@type":"EntryPoint","urlTemplate":"http:\/\/www.3dmaquinser.com\/en\/?s={search_term_string}"},"query-input":{"@type":"PropertyValueSpecification","valueRequired":true,"valueName":"search_term_string"}}],"inLanguage":"en-US"},{"@type":"Organization","@id":"http:\/\/www.3dmaquinser.com\/en\/#organization","name":"Impresi\u00f3n 3D Maquinser","url":"http:\/\/www.3dmaquinser.com\/en\/","logo":{"@type":"ImageObject","inLanguage":"en-US","@id":"http:\/\/www.3dmaquinser.com\/en\/#\/schema\/logo\/image\/","url":"https:\/\/www.3dmaquinser.com\/wp-content\/uploads\/2020\/04\/LOGO-3D-Maquinser.png","contentUrl":"https:\/\/www.3dmaquinser.com\/wp-content\/uploads\/2020\/04\/LOGO-3D-Maquinser.png","width":563,"height":110,"caption":"Impresi\u00f3n 3D Maquinser"},"image":{"@id":"http:\/\/www.3dmaquinser.com\/en\/#\/schema\/logo\/image\/"}}]}},"_links":{"self":[{"href":"https:\/\/www.3dmaquinser.com\/en\/wp-json\/wp\/v2\/pages\/8496","targetHints":{"allow":["GET"]}}],"collection":[{"href":"https:\/\/www.3dmaquinser.com\/en\/wp-json\/wp\/v2\/pages"}],"about":[{"href":"https:\/\/www.3dmaquinser.com\/en\/wp-json\/wp\/v2\/types\/page"}],"author":[{"embeddable":true,"href":"https:\/\/www.3dmaquinser.com\/en\/wp-json\/wp\/v2\/users\/3"}],"replies":[{"embeddable":true,"href":"https:\/\/www.3dmaquinser.com\/en\/wp-json\/wp\/v2\/comments?post=8496"}],"version-history":[{"count":5,"href":"https:\/\/www.3dmaquinser.com\/en\/wp-json\/wp\/v2\/pages\/8496\/revisions"}],"predecessor-version":[{"id":8664,"href":"https:\/\/www.3dmaquinser.com\/en\/wp-json\/wp\/v2\/pages\/8496\/revisions\/8664"}],"wp:attachment":[{"href":"https:\/\/www.3dmaquinser.com\/en\/wp-json\/wp\/v2\/media?parent=8496"}],"curies":[{"name":"wp","href":"https:\/\/api.w.org\/{rel}","templated":true}]}}