{"id":6868,"date":"2014-01-07T22:06:17","date_gmt":"2014-01-07T22:06:17","guid":{"rendered":"http:\/\/www.3dmaquinser.com\/software\/"},"modified":"2020-12-22T10:53:24","modified_gmt":"2020-12-22T10:53:24","slug":"software","status":"publish","type":"page","link":"https:\/\/www.3dmaquinser.com\/en\/software\/","title":{"rendered":"Software"},"content":{"rendered":"[vc_row column_spacing=&#8221;0px&#8221;][vc_column][vc_single_image image=&#8221;5046&#8243; img_size=&#8221;980&#215;490&#8243; alignment=&#8221;center&#8221;]<div class=\"vcex-spacing\" style=\"height:20px\"><\/div>[\/vc_column][\/vc_row][vc_row full_width=&#8221;stretch_row&#8221; bg_style=&#8221;stretch&#8221; css=&#8221;.vc_custom_1591265389825{padding-top: 20px !important;padding-bottom: 10px !important;background-color: #eeeeee !important;background-position: center !important;background-repeat: no-repeat !important;background-size: cover !important;}&#8221;][vc_column width=&#8221;1\/2&#8243;][vc_single_image image=&#8221;5499&#8243; css_animation=&#8221;left-to-right&#8221;][\/vc_column][vc_column css_animation=&#8221;zoomIn&#8221; width=&#8221;1\/2&#8243;]<h1 class=\"vcex-module vcex-heading vcex-heading-plain\" style=\"font-size:38px;font-weight:600;\"><span class=\"vcex-heading-inner clr\">Magics Sinter Module<\/span><\/h1><div class=\"vcex-module vcex-divider-dots clr textleft\" style=\"padding-top:5px;padding-bottom:15px;\"><span style=\"background:#0088ff;\"><\/span><span style=\"background:#0088ff;\"><\/span><span style=\"background:#0088ff;\"><\/span><span style=\"background:#0088ff;\"><\/span><\/div>[vc_column_text]Materialise Magics Sinter Module is an intelligent, very fast 3D printing software that offers a wide range of advanced tools and options in order to optimize your prints, protect small parts, indicate non building areas and print on multiple machines.[\/vc_column_text][\/vc_column][\/vc_row][vc_row full_width=&#8221;stretch_row&#8221; columns_right=&#8221;yes&#8221; bg_style=&#8221;stretch&#8221; css=&#8221;.vc_custom_1591265356527{padding-top: 20px !important;padding-bottom: 10px !important;background-color: #eeeeee !important;background-position: center !important;background-repeat: no-repeat !important;background-size: cover !important;}&#8221;][vc_column width=&#8221;1\/2&#8243;][vc_single_image image=&#8221;5500&#8243; css_animation=&#8221;right-to-left&#8221;][\/vc_column][vc_column css_animation=&#8221;zoomIn&#8221; width=&#8221;1\/2&#8243;]<h1 class=\"vcex-module vcex-heading vcex-heading-plain\" style=\"font-size:18px;font-weight:600;\"><span class=\"vcex-heading-inner clr\">\u00bfWhy choose the Materialise Magics Sinter module?<\/span><\/h1><div class=\"vcex-module vcex-divider-dots clr textleft\" style=\"padding-top:5px;padding-bottom:15px;\"><span style=\"background:#0088ff;\"><\/span><span style=\"background:#0088ff;\"><\/span><span style=\"background:#0088ff;\"><\/span><span style=\"background:#0088ff;\"><\/span><\/div>[vc_column_text]\n<ul>\n<li><strong>Improve the quality of the produced parts<\/strong><strong><br \/>\n<\/strong>The use of the cut distribution graphic allows to optimize and equalize the distribution of the material achieving the maximum quality.<\/li>\n<\/ul>\n<ul>\n<li><strong>Optimize your 3D printer&#8217;s capacity<\/strong><strong><br \/>\n<\/strong>Get the best distribution of parts by using different printers or producing a large quantity of parts.<\/li>\n<\/ul>\n<ul>\n<li><strong>Improve delivery times<\/strong><strong><br \/>\n<\/strong>With Sinter Module you can create more parts in less time or add last minute orders while the printer is in use without risk of failure.<\/li>\n<\/ul>\n<ul>\n<li><strong>Make it easy to quote jobs<\/strong><strong><br \/>\n<\/strong>With Sinter Module you can calculate the representative production volume of an order in such a way as to provide a more accurate offer.<\/li>\n<\/ul>\n<ul>\n<li><strong>Make your business profitable<\/strong><strong><br \/>\n<\/strong>Sinter Module allows you to increase the density of the parts produced and the profitability of the printer while reducing waste and dust.<\/li>\n<\/ul>\n<ul>\n<li><strong>Increase your success rate<\/strong><strong><br \/>\n<\/strong>With the Materialise Magics Sinter Module, you can achieve more parts at higher quality while saving on material. \u00a1Increase the success of your printings!<\/li>\n<\/ul>\n[\/vc_column_text][\/vc_column][\/vc_row][vc_row full_width=&#8221;stretch_row&#8221; bg_style=&#8221;stretch&#8221; css=&#8221;.vc_custom_1591265400986{padding-top: 20px !important;padding-bottom: 10px !important;background-color: #eeeeee !important;background-position: center !important;background-repeat: no-repeat !important;background-size: cover !important;}&#8221;][vc_column width=&#8221;1\/2&#8243;][vc_video link=&#8221;https:\/\/youtu.be\/laPiw3LHlKE&#8221; css_animation=&#8221;left-to-right&#8221;][\/vc_column][vc_column css_animation=&#8221;zoomIn&#8221; width=&#8221;1\/2&#8243;]<h1 class=\"vcex-module vcex-heading vcex-heading-plain\" style=\"font-size:18px;font-weight:600;\"><span class=\"vcex-heading-inner clr\">Adapt the nesting of parts to your needs<\/span><\/h1><div class=\"vcex-module vcex-divider-dots clr textleft\" style=\"padding-top:5px;padding-bottom:15px;\"><span style=\"background:#0088ff;\"><\/span><span style=\"background:#0088ff;\"><\/span><span style=\"background:#0088ff;\"><\/span><span style=\"background:#0088ff;\"><\/span><\/div>[vc_column_text]Materialise Magics Sinter Module is based on the premise that every 3D printing environment must have its own needs and strategies. For this reason, it allows the configuration of the parameters to be adapted to each situation.<\/p>\n<ul>\n<li>Allocate the freedom of rotation for each individual part in 15\u00b0 steps.<\/li>\n<li>Assign freedom of movement to each party individually.<\/li>\n<li>Analyze and optimize the distribution of each layer.<\/li>\n<li>Define hollow areas.<\/li>\n<li>Assign priorities to the parts.<\/li>\n<li>Create protective housings to group small parts and protect fragile parts.<\/li>\n<\/ul>\n[\/vc_column_text][vc_empty_space]<a href=\"mailto:%20marketing@maquinser.com\" class=\"vcex-button theme-button inline animate-on-hover  wpb_animate_when_almost_visible wpb_zoomIn zoomIn\"><span class=\"theme-button-inner\">Solicitar M\u00e1s Informaci\u00f3n<\/span><\/a> [\/vc_column][\/vc_row][vc_row full_width=&#8221;stretch_row&#8221; columns_right=&#8221;yes&#8221; bg_style=&#8221;stretch&#8221; css=&#8221;.vc_custom_1591267903643{padding-top: 20px !important;padding-bottom: 10px !important;background-color: #000000 !important;background-position: center !important;background-repeat: no-repeat !important;background-size: cover !important;}&#8221;][vc_column width=&#8221;1\/2&#8243;][vc_empty_space height=&#8221;62px&#8221;][vc_empty_space][vc_single_image image=&#8221;5503&#8243;][\/vc_column][vc_column css_animation=&#8221;zoomIn&#8221; width=&#8221;1\/2&#8243;]<h1 class=\"vcex-module vcex-heading vcex-heading-plain\" style=\"color:#0088ff;font-size:38px;font-weight:600;\"><span class=\"vcex-heading-inner clr\">Magics Structures Module<\/span><\/h1><div class=\"vcex-module vcex-divider-dots clr textleft\" style=\"padding-top:5px;padding-bottom:15px;\"><span style=\"background:#ffffff;\"><\/span><span style=\"background:#ffffff;\"><\/span><span style=\"background:#ffffff;\"><\/span><span style=\"background:#ffffff;\"><\/span><\/div>[vc_column_text color=&#8221;#ffffff&#8221;]<strong>Transform your solid models into lightweight parts.<\/strong><\/p>\n<p>The Materialise Magics Structures Module allows you to transfer a solid 3D model to a much lighter version. You can apply a grid structure to reduce the weight of the design or reinforce it. Take a look at four of the reasons why you should choose the Materialise Magics Structures module.[\/vc_column_text][\/vc_column][\/vc_row][vc_row full_width=&#8221;stretch_row&#8221; bg_style=&#8221;stretch&#8221; css=&#8221;.vc_custom_1591268082200{padding-top: 20px !important;padding-bottom: 10px !important;background-color: #000000 !important;background-position: center !important;background-repeat: no-repeat !important;background-size: cover !important;}&#8221;][vc_column width=&#8221;1\/2&#8243;][vc_empty_space][vc_single_image image=&#8221;5502&#8243; css_animation=&#8221;left-to-right&#8221;][\/vc_column][vc_column css_animation=&#8221;zoomIn&#8221; width=&#8221;1\/2&#8243;][vc_empty_space height=&#8221;62px&#8221;]<h1 class=\"vcex-module vcex-heading vcex-heading-plain\" style=\"color:#0088ff;font-size:18px;font-weight:600;\"><span class=\"vcex-heading-inner clr\">\u00bfWhy choose the Materialise Magics Sinter module?<\/span><\/h1><div class=\"vcex-module vcex-divider-dots clr textleft\" style=\"padding-top:5px;padding-bottom:15px;\"><span style=\"background:#ffffff;\"><\/span><span style=\"background:#ffffff;\"><\/span><span style=\"background:#ffffff;\"><\/span><span style=\"background:#ffffff;\"><\/span><\/div>[vc_column_text color=&#8221;#ffffff&#8221;]\n<ul>\n<li><strong>Save material<\/strong><strong><br \/>\n<\/strong>Once the hollow design is created, you can add drain holes to remove excess material and reduce consumption. This will also reduce the production costs.<\/li>\n<\/ul>\n<ul>\n<li><strong>Keep the temperature<\/strong><strong><br \/>\n<\/strong>Since a model with structures requires less scanning, the generated heat can be kept under control and the distorsion during construction can be reduced.<\/li>\n<\/ul>\n<ul>\n<li><strong>Improve your design<\/strong><strong><br \/>\n<\/strong>Keep your model&#8217;s design intact, while reducing its weight and create porous designs. Use the structure library or design your own cell structures to create networks.<\/li>\n<\/ul>\n[\/vc_column_text][vc_empty_space]<a href=\"mailto:%20marketing@maquinser.com\" class=\"vcex-button theme-button inline animate-on-hover  wpb_animate_when_almost_visible wpb_zoomIn zoomIn\"><span class=\"theme-button-inner\">Solicitar M\u00e1s Informaci\u00f3n<\/span><\/a> [\/vc_column][\/vc_row][vc_row full_width=&#8221;stretch_row&#8221; columns_right=&#8221;yes&#8221; bg_style=&#8221;stretch&#8221; css=&#8221;.vc_custom_1591278287033{padding-top: 20px !important;padding-bottom: 10px !important;background-color: #eeeeee !important;background-position: center !important;background-repeat: no-repeat !important;background-size: cover !important;}&#8221;][vc_column width=&#8221;1\/2&#8243;][vc_single_image image=&#8221;5505&#8243; css_animation=&#8221;left-to-right&#8221;][\/vc_column][vc_column css_animation=&#8221;zoomIn&#8221; width=&#8221;1\/2&#8243;]<h1 class=\"vcex-module vcex-heading vcex-heading-plain\" style=\"font-size:38px;font-weight:600;\"><span class=\"vcex-heading-inner clr\">Materialise Build Processor<\/span><\/h1><div class=\"vcex-module vcex-divider-dots clr textleft\" style=\"padding-top:5px;padding-bottom:15px;\"><span style=\"background:#0088ff;\"><\/span><span style=\"background:#0088ff;\"><\/span><span style=\"background:#0088ff;\"><\/span><span style=\"background:#0088ff;\"><\/span><\/div>[vc_column_text]Build Processor is an easy-to-use software that simplifies the 3D printing process. It combines high-performance cutting algorithms with perfect integration from data preparation, through design and construction configuration, to the construction of parts in the printer.[\/vc_column_text][\/vc_column][\/vc_row][vc_row full_width=&#8221;stretch_row&#8221; bg_style=&#8221;stretch&#8221; css=&#8221;.vc_custom_1591279021675{padding-top: 20px !important;padding-bottom: 10px !important;background-color: #eeeeee !important;background-position: center !important;background-repeat: no-repeat !important;background-size: cover !important;}&#8221;][vc_column width=&#8221;1\/2&#8243;][vc_video link=&#8221;https:\/\/youtu.be\/tUY_1o6_Xec&#8221;][\/vc_column][vc_column css_animation=&#8221;zoomIn&#8221; width=&#8221;1\/2&#8243;]<h1 class=\"vcex-module vcex-heading vcex-heading-plain\" style=\"font-size:18px;font-weight:600;\"><span class=\"vcex-heading-inner clr\">\u00bfPor qu\u00e9 elegir el m\u00f3dulo Materialise Build Processor?<\/span><\/h1><div class=\"vcex-module vcex-divider-dots clr textleft\" style=\"padding-top:5px;padding-bottom:15px;\"><span style=\"background:#0088ff;\"><\/span><span style=\"background:#0088ff;\"><\/span><span style=\"background:#0088ff;\"><\/span><span style=\"background:#0088ff;\"><\/span><\/div>[vc_column_text]\n<ul>\n<li><strong>Trust the machine&#8217;s communication standard<\/strong><strong><br \/>\n<\/strong>To communicate your file to the printer, you need specialized software. Materialise Build Processor is considered the standard software for communicating and monitoring AM machines.<\/li>\n<\/ul>\n<ul>\n<li><strong>Discover the complete platorm<\/strong><strong><br \/>\n<\/strong>Our offer is not limited to the machine&#8217;s communication software. You can benefit from integration with data preparation and other software of Materialise Magics 3D Print Suite.<\/li>\n<\/ul>\n<ul>\n<li><strong>Benefit from our partnerships<\/strong><strong><br \/>\n<\/strong>Materialise has solid partnerships with most of the major AM machine manufacturers worldwide. This means that we can update our software according to the machine manufacturers&#8217; developments.<\/li>\n<\/ul>\n<ul>\n<li><strong>Handle huge files easily<\/strong><strong><br \/>\n<\/strong>\u00bfDo you experiment dificulties with handling large files? Our cutting-based technology avoids large files by omitting the demanding triangulation to an intermediate STL file and generating the desired geometry at the cutting level.<\/li>\n<\/ul>\n[\/vc_column_text][vc_empty_space]<a href=\"mailto:%20marketing@maquinser.com\" class=\"vcex-button theme-button inline animate-on-hover  wpb_animate_when_almost_visible wpb_zoomIn zoomIn\"><span class=\"theme-button-inner\">Solicitar M\u00e1s Informaci\u00f3n<\/span><\/a> [\/vc_column][\/vc_row][vc_row css=&#8221;.vc_custom_1476738461709{padding-top: 20px !important;}&#8221;][vc_column width=&#8221;1\/3&#8243;][\/vc_column][vc_column width=&#8221;1\/3&#8243;][vc_single_image image=&#8221;5273&#8243; css_animation=&#8221;fadeInUp&#8221; alignment=&#8221;center&#8221;]<h1 class=\"vcex-module vcex-heading vcex-heading-plain  wpb_animate_when_almost_visible wpb_zoomIn zoomIn\" style=\"font-size:38px;font-weight:600;text-align:center;\"><span class=\"vcex-heading-inner clr\">HP 3D Printing<\/span><\/h1>[vc_empty_space][\/vc_column][vc_column width=&#8221;1\/3&#8243;][\/vc_column][\/vc_row][vc_row css_animation=&#8221;fadeIn&#8221;][vc_column css_animation=&#8221;left-to-right&#8221; width=&#8221;1\/3&#8243;]<h1 class=\"vcex-module vcex-heading vcex-heading-plain\" style=\"font-size:18px;font-weight:600;\"><span class=\"vcex-heading-inner clr\">HP 3D Process Control<\/span><\/h1><div class=\"vcex-module vcex-divider-dots clr textleft\" style=\"padding-top:5px;padding-bottom:15px;\"><span style=\"background:#0088ff;\"><\/span><span style=\"background:#0088ff;\"><\/span><span style=\"background:#0088ff;\"><\/span><span style=\"background:#0088ff;\"><\/span><\/div>[vc_empty_space][vc_column_text]HP 3D Process Control HP 3D Center HP SmartStream 3D Build Manager Integration with industry-leading software solutions.<\/p>\n<p>Achieve dimensional accuracy and repeatability capable of competing with industrial machinery&#8230;faster.<\/p>\n<p>Flexibility and agility, requiring no time, manpower and steps associated to the fine adjustment of molding by injection.[\/vc_column_text][vc_empty_space]<a href=\"http:\/\/www.3dmaquinser.com\/contacto\/\" class=\"vcex-button theme-button inline animate-on-hover  wpb_animate_when_almost_visible wpb_zoomIn zoomIn\"><span class=\"theme-button-inner\">Solicitar M\u00e1s Informaci\u00f3n<\/span><\/a> [\/vc_column][vc_column css_animation=&#8221;top-to-bottom&#8221; width=&#8221;1\/3&#8243;]<h1 class=\"vcex-module vcex-heading vcex-heading-plain\" style=\"font-size:18px;font-weight:600;\"><span class=\"vcex-heading-inner clr\">HP 3D Center<\/span><\/h1><div class=\"vcex-module vcex-divider-dots clr textleft\" style=\"padding-top:5px;padding-bottom:15px;\"><span style=\"background:#0088ff;\"><\/span><span style=\"background:#0088ff;\"><\/span><span style=\"background:#0088ff;\"><\/span><span style=\"background:#0088ff;\"><\/span><\/div>[vc_empty_space][vc_column_text]Track, manage and optimize your 3D processes with software that provides real-time remote supervision, preventive notifications and history data analysis.[\/vc_column_text][vc_empty_space]<a href=\"http:\/\/www.3dmaquinser.com\/contacto\/\" class=\"vcex-button theme-button inline animate-on-hover  wpb_animate_when_almost_visible wpb_zoomIn zoomIn\"><span class=\"theme-button-inner\">Solicitar M\u00e1s Informaci\u00f3n<\/span><\/a> [\/vc_column][vc_column css_animation=&#8221;right-to-left&#8221; width=&#8221;1\/3&#8243;]<h1 class=\"vcex-module vcex-heading vcex-heading-plain\" style=\"font-size:18px;font-weight:600;\"><span class=\"vcex-heading-inner clr\">HP SmartStream 3D Buid Manager<\/span><\/h1><div class=\"vcex-module vcex-divider-dots clr textleft\" style=\"padding-top:5px;padding-bottom:15px;\"><span style=\"background:#0088ff;\"><\/span><span style=\"background:#0088ff;\"><\/span><span style=\"background:#0088ff;\"><\/span><span style=\"background:#0088ff;\"><\/span><\/div>[vc_empty_space][vc_column_text]Prepare your printing jobs in a fast and easy way with all the elements you need.[\/vc_column_text][vc_empty_space]<a href=\"http:\/\/www.3dmaquinser.com\/contacto\/\" class=\"vcex-button theme-button inline animate-on-hover  wpb_animate_when_almost_visible wpb_zoomIn zoomIn\"><span class=\"theme-button-inner\">Solicitar M\u00e1s Informaci\u00f3n<\/span><\/a> [\/vc_column][\/vc_row]\n","protected":false},"excerpt":{"rendered":"<p>[vc_row column_spacing=&#8221;0px&#8221;][vc_column][vc_single_image image=&#8221;5046&#8243; img_size=&#8221;980&#215;490&#8243; alignment=&#8221;center&#8221;][\/vc_column][\/vc_row][vc_row full_width=&#8221;stretch_row&#8221; bg_style=&#8221;stretch&#8221; css=&#8221;.vc_custom_1591265389825{padding-top: 20px !important;padding-bottom: 10px !important;background-color: #eeeeee !important;background-position: center !important;background-repeat: no-repeat !important;background-size: cover !important;}&#8221;][vc_column width=&#8221;1\/2&#8243;][vc_single_image image=&#8221;5499&#8243; css_animation=&#8221;left-to-right&#8221;][\/vc_column][vc_column css_animation=&#8221;zoomIn&#8221; width=&#8221;1\/2&#8243;][vc_column_text]Materialise Magics Sinter Module is an intelligent, very fast 3D printing software that offers a wide&hellip;<\/p>\n","protected":false},"author":1,"featured_media":0,"parent":0,"menu_order":0,"comment_status":"open","ping_status":"open","template":"","meta":{"two_page_speed":[],"footnotes":""},"class_list":["post-6868","page","type-page","status-publish","hentry","entry","no-media"],"yoast_head":"<!-- This site is optimized with the Yoast SEO plugin v25.2 - https:\/\/yoast.com\/wordpress\/plugins\/seo\/ -->\n<title>Software - Impresi\u00f3n 3D Maquinser<\/title>\n<meta name=\"robots\" content=\"index, follow, max-snippet:-1, max-image-preview:large, max-video-preview:-1\" \/>\n<link rel=\"canonical\" href=\"https:\/\/www.3dmaquinser.com\/en\/software\/\" \/>\n<meta property=\"og:locale\" content=\"en_US\" \/>\n<meta property=\"og:type\" content=\"article\" \/>\n<meta property=\"og:title\" content=\"Software - Impresi\u00f3n 3D Maquinser\" \/>\n<meta property=\"og:description\" content=\"[vc_row column_spacing=&#8221;0px&#8221;][vc_column][vc_single_image image=&#8221;5046&#8243; img_size=&#8221;980&#215;490&#8243; alignment=&#8221;center&#8221;][\/vc_column][\/vc_row][vc_row full_width=&#8221;stretch_row&#8221; bg_style=&#8221;stretch&#8221; css=&#8221;.vc_custom_1591265389825{padding-top: 20px !important;padding-bottom: 10px !important;background-color: #eeeeee !important;background-position: center !important;background-repeat: no-repeat !important;background-size: cover !important;}&#8221;][vc_column width=&#8221;1\/2&#8243;][vc_single_image image=&#8221;5499&#8243; css_animation=&#8221;left-to-right&#8221;][\/vc_column][vc_column css_animation=&#8221;zoomIn&#8221; width=&#8221;1\/2&#8243;][vc_column_text]Materialise Magics Sinter Module is an intelligent, very fast 3D printing software that offers a wide&hellip;\" \/>\n<meta property=\"og:url\" content=\"https:\/\/www.3dmaquinser.com\/en\/software\/\" \/>\n<meta property=\"og:site_name\" content=\"Impresi\u00f3n 3D Maquinser\" \/>\n<meta property=\"article:modified_time\" content=\"2020-12-22T10:53:24+00:00\" \/>\n<meta name=\"twitter:card\" content=\"summary_large_image\" \/>\n<meta name=\"twitter:label1\" content=\"Est. reading time\" \/>\n\t<meta name=\"twitter:data1\" content=\"9 minutes\" \/>\n<script type=\"application\/ld+json\" class=\"yoast-schema-graph\">{\"@context\":\"https:\/\/schema.org\",\"@graph\":[{\"@type\":\"WebPage\",\"@id\":\"https:\/\/www.3dmaquinser.com\/en\/software\/\",\"url\":\"https:\/\/www.3dmaquinser.com\/en\/software\/\",\"name\":\"Software - Impresi\u00f3n 3D Maquinser\",\"isPartOf\":{\"@id\":\"https:\/\/www.3dmaquinser.com\/#website\"},\"datePublished\":\"2014-01-07T22:06:17+00:00\",\"dateModified\":\"2020-12-22T10:53:24+00:00\",\"breadcrumb\":{\"@id\":\"https:\/\/www.3dmaquinser.com\/en\/software\/#breadcrumb\"},\"inLanguage\":\"en-US\",\"potentialAction\":[{\"@type\":\"ReadAction\",\"target\":[\"https:\/\/www.3dmaquinser.com\/en\/software\/\"]}]},{\"@type\":\"BreadcrumbList\",\"@id\":\"https:\/\/www.3dmaquinser.com\/en\/software\/#breadcrumb\",\"itemListElement\":[{\"@type\":\"ListItem\",\"position\":1,\"name\":\"Portada\",\"item\":\"https:\/\/www.3dmaquinser.com\/en\/\"},{\"@type\":\"ListItem\",\"position\":2,\"name\":\"Software\"}]},{\"@type\":\"WebSite\",\"@id\":\"https:\/\/www.3dmaquinser.com\/#website\",\"url\":\"https:\/\/www.3dmaquinser.com\/\",\"name\":\"Impresi\u00f3n 3D Maquinser\",\"description\":\"Especialistas en Impresi\u00f3n 3D y procesos de Fabricaci\u00f3n aditiva\",\"publisher\":{\"@id\":\"https:\/\/www.3dmaquinser.com\/#organization\"},\"potentialAction\":[{\"@type\":\"SearchAction\",\"target\":{\"@type\":\"EntryPoint\",\"urlTemplate\":\"https:\/\/www.3dmaquinser.com\/?s={search_term_string}\"},\"query-input\":{\"@type\":\"PropertyValueSpecification\",\"valueRequired\":true,\"valueName\":\"search_term_string\"}}],\"inLanguage\":\"en-US\"},{\"@type\":\"Organization\",\"@id\":\"https:\/\/www.3dmaquinser.com\/#organization\",\"name\":\"Impresi\u00f3n 3D Maquinser\",\"url\":\"https:\/\/www.3dmaquinser.com\/\",\"logo\":{\"@type\":\"ImageObject\",\"inLanguage\":\"en-US\",\"@id\":\"https:\/\/www.3dmaquinser.com\/#\/schema\/logo\/image\/\",\"url\":\"https:\/\/www.3dmaquinser.com\/wp-content\/uploads\/2020\/04\/LOGO-3D-Maquinser.png\",\"contentUrl\":\"https:\/\/www.3dmaquinser.com\/wp-content\/uploads\/2020\/04\/LOGO-3D-Maquinser.png\",\"width\":563,\"height\":110,\"caption\":\"Impresi\u00f3n 3D Maquinser\"},\"image\":{\"@id\":\"https:\/\/www.3dmaquinser.com\/#\/schema\/logo\/image\/\"}}]}<\/script>\n<!-- \/ Yoast SEO plugin. -->","yoast_head_json":{"title":"Software - Impresi\u00f3n 3D Maquinser","robots":{"index":"index","follow":"follow","max-snippet":"max-snippet:-1","max-image-preview":"max-image-preview:large","max-video-preview":"max-video-preview:-1"},"canonical":"https:\/\/www.3dmaquinser.com\/en\/software\/","og_locale":"en_US","og_type":"article","og_title":"Software - Impresi\u00f3n 3D Maquinser","og_description":"[vc_row column_spacing=&#8221;0px&#8221;][vc_column][vc_single_image image=&#8221;5046&#8243; img_size=&#8221;980&#215;490&#8243; alignment=&#8221;center&#8221;][\/vc_column][\/vc_row][vc_row full_width=&#8221;stretch_row&#8221; bg_style=&#8221;stretch&#8221; css=&#8221;.vc_custom_1591265389825{padding-top: 20px !important;padding-bottom: 10px !important;background-color: #eeeeee !important;background-position: center !important;background-repeat: no-repeat !important;background-size: cover !important;}&#8221;][vc_column width=&#8221;1\/2&#8243;][vc_single_image image=&#8221;5499&#8243; css_animation=&#8221;left-to-right&#8221;][\/vc_column][vc_column css_animation=&#8221;zoomIn&#8221; width=&#8221;1\/2&#8243;][vc_column_text]Materialise Magics Sinter Module is an intelligent, very fast 3D printing software that offers a wide&hellip;","og_url":"https:\/\/www.3dmaquinser.com\/en\/software\/","og_site_name":"Impresi\u00f3n 3D Maquinser","article_modified_time":"2020-12-22T10:53:24+00:00","twitter_card":"summary_large_image","twitter_misc":{"Est. reading time":"9 minutes"},"schema":{"@context":"https:\/\/schema.org","@graph":[{"@type":"WebPage","@id":"https:\/\/www.3dmaquinser.com\/en\/software\/","url":"https:\/\/www.3dmaquinser.com\/en\/software\/","name":"Software - Impresi\u00f3n 3D Maquinser","isPartOf":{"@id":"https:\/\/www.3dmaquinser.com\/#website"},"datePublished":"2014-01-07T22:06:17+00:00","dateModified":"2020-12-22T10:53:24+00:00","breadcrumb":{"@id":"https:\/\/www.3dmaquinser.com\/en\/software\/#breadcrumb"},"inLanguage":"en-US","potentialAction":[{"@type":"ReadAction","target":["https:\/\/www.3dmaquinser.com\/en\/software\/"]}]},{"@type":"BreadcrumbList","@id":"https:\/\/www.3dmaquinser.com\/en\/software\/#breadcrumb","itemListElement":[{"@type":"ListItem","position":1,"name":"Portada","item":"https:\/\/www.3dmaquinser.com\/en\/"},{"@type":"ListItem","position":2,"name":"Software"}]},{"@type":"WebSite","@id":"https:\/\/www.3dmaquinser.com\/#website","url":"https:\/\/www.3dmaquinser.com\/","name":"Impresi\u00f3n 3D Maquinser","description":"Especialistas en Impresi\u00f3n 3D y procesos de Fabricaci\u00f3n aditiva","publisher":{"@id":"https:\/\/www.3dmaquinser.com\/#organization"},"potentialAction":[{"@type":"SearchAction","target":{"@type":"EntryPoint","urlTemplate":"https:\/\/www.3dmaquinser.com\/?s={search_term_string}"},"query-input":{"@type":"PropertyValueSpecification","valueRequired":true,"valueName":"search_term_string"}}],"inLanguage":"en-US"},{"@type":"Organization","@id":"https:\/\/www.3dmaquinser.com\/#organization","name":"Impresi\u00f3n 3D Maquinser","url":"https:\/\/www.3dmaquinser.com\/","logo":{"@type":"ImageObject","inLanguage":"en-US","@id":"https:\/\/www.3dmaquinser.com\/#\/schema\/logo\/image\/","url":"https:\/\/www.3dmaquinser.com\/wp-content\/uploads\/2020\/04\/LOGO-3D-Maquinser.png","contentUrl":"https:\/\/www.3dmaquinser.com\/wp-content\/uploads\/2020\/04\/LOGO-3D-Maquinser.png","width":563,"height":110,"caption":"Impresi\u00f3n 3D Maquinser"},"image":{"@id":"https:\/\/www.3dmaquinser.com\/#\/schema\/logo\/image\/"}}]}},"_links":{"self":[{"href":"https:\/\/www.3dmaquinser.com\/en\/wp-json\/wp\/v2\/pages\/6868","targetHints":{"allow":["GET"]}}],"collection":[{"href":"https:\/\/www.3dmaquinser.com\/en\/wp-json\/wp\/v2\/pages"}],"about":[{"href":"https:\/\/www.3dmaquinser.com\/en\/wp-json\/wp\/v2\/types\/page"}],"author":[{"embeddable":true,"href":"https:\/\/www.3dmaquinser.com\/en\/wp-json\/wp\/v2\/users\/1"}],"replies":[{"embeddable":true,"href":"https:\/\/www.3dmaquinser.com\/en\/wp-json\/wp\/v2\/comments?post=6868"}],"version-history":[{"count":2,"href":"https:\/\/www.3dmaquinser.com\/en\/wp-json\/wp\/v2\/pages\/6868\/revisions"}],"predecessor-version":[{"id":6871,"href":"https:\/\/www.3dmaquinser.com\/en\/wp-json\/wp\/v2\/pages\/6868\/revisions\/6871"}],"wp:attachment":[{"href":"https:\/\/www.3dmaquinser.com\/en\/wp-json\/wp\/v2\/media?parent=6868"}],"curies":[{"name":"wp","href":"https:\/\/api.w.org\/{rel}","templated":true}]}}